{"id":5334,"date":"2015-11-12T12:47:06","date_gmt":"2015-11-12T11:47:06","guid":{"rendered":"https:\/\/libner.fr\/nous-contacter\/"},"modified":"2025-03-25T09:45:08","modified_gmt":"2025-03-25T08:45:08","slug":"contact-us","status":"publish","type":"page","link":"https:\/\/libner.fr\/en\/contact-us\/","title":{"rendered":"Contact us"},"content":{"rendered":"\r\n\r\n                \r\n                        <fieldset id=\"field_7_28\" data-js-reload=\"field_7_28\"><legend class='gfield_label gform-field-label gfield_label_before_complex'>Nom(N\u00e9cessaire)<\/legend>\r\n                                                    \r\n                                                    <label for='input_7_28_6' class='gform-field-label gform-field-label--type-sub hidden_sub_label screen-reader-text'>Nom<\/label>\r\n                        <\/fieldset><fieldset id=\"field_7_27\" data-js-reload=\"field_7_27\"><legend class='gfield_label gform-field-label gfield_label_before_complex'>Pr\u00e9nom(N\u00e9cessaire)<\/legend>\r\n                                                    \r\n                                                    <label for='input_7_27_3' class='gform-field-label gform-field-label--type-sub hidden_sub_label screen-reader-text'>Pr\u00e9nom<\/label>\r\n                        <\/fieldset><label class='gfield_label gform-field-label' for='input_7_24'>Soci\u00e9t\u00e9<\/label> <label class='gfield_label gform-field-label' for='input_7_2'>E-mail(N\u00e9cessaire)<\/label>\r\n                            \r\n                        <label class='gfield_label gform-field-label' for='input_7_3'>T\u00e9l\u00e9phone<\/label><label class='gfield_label gform-field-label' for='input_7_16'>Type de demande(N\u00e9cessaire)<\/label>SelectionnerFiches produitsDemande de chiffrageDemande d&#039;informationsAutre<label class='gfield_label gform-field-label' for='input_7_17'>Produits \/ service<\/label>SelectionnerEurolibEurolib modulaireOpenboxOpenbox C+EvolutiveMixteIntegraleSpeedboxEurolib XSR\u00e9parationSAVPi\u00e8ces d\u00e9tach\u00e9esAutre<label class='gfield_label gform-field-label' for='input_7_6'>Descriptif de votre demande(N\u00e9cessaire)<\/label><textarea name='input_6' id='input_7_6' class='textarea large' rows='10' cols='50'><\/textarea><label class='gfield_label gform-field-label' for='input_7_5'>Fichier<\/label>Taille max. des fichiers\u00a0: 32 MB.<fieldset id=\"field_7_7\" data-js-reload=\"field_7_7\"><legend class='gfield_label gform-field-label gfield_label_before_complex'>RGPD(N\u00e9cessaire)<\/legend> <label for='input_7_7_1'>J&#8217;accepte la politique de confidentialit\u00e9.<\/label><small>* En soumettant ce formulaire j&#8217;accepte que les informations saisies soient utilis\u00e9es pour permettre de me recontacter. Lire notre <a href=\"http:\/\/libner.fr\/donnees-personnelles\/\" target=\"_blank\" rel=\"noopener\">politique de donn\u00e9es personnelles<\/a>.<\/small><\/fieldset><label class='gfield_label gform-field-label' for='input_7_22'>CAPTCHA<\/label>\r\n          \r\n            \r\n            \r\n            \r\n            \r\n            \r\n            \r\n            \r\n                        \r\n\t\t                \r\n\r\n","protected":false},"excerpt":{"rendered":"<p>Nom(N\u00e9cessaire) Nom Pr\u00e9nom(N\u00e9cessaire) Pr\u00e9nom Soci\u00e9t\u00e9 E-mail(N\u00e9cessaire) T\u00e9l\u00e9phoneType de demande(N\u00e9cessaire)SelectionnerFiches produitsDemande de chiffrageDemande d&#039;informationsAutreProduits \/ serviceSelectionnerEurolibEurolib modulaireOpenboxOpenbox C+EvolutiveMixteIntegraleSpeedboxEurolib XSR\u00e9parationSAVPi\u00e8ces d\u00e9tach\u00e9esAutreDescriptif de votre demande(N\u00e9cessaire)FichierTaille max. des fichiers\u00a0: 32 MB. RGPD(N\u00e9cessaire) J&#8217;accepte la politique de confidentialit\u00e9.* En soumettant ce formulaire j&#8217;accepte que les informations saisies soient utilis\u00e9es pour permettre de me recontacter. Lire notre politique de donn\u00e9es personnelles. [&hellip;]<\/p>\n","protected":false},"author":1,"featured_media":0,"parent":0,"menu_order":0,"comment_status":"closed","ping_status":"closed","template":"","meta":{"_acf_changed":false,"footnotes":""},"class_list":["post-5334","page","type-page","status-publish","hentry"],"acf":[],"yoast_head":"<!-- This site is optimized with the Yoast SEO plugin v27.3 - https:\/\/yoast.com\/product\/yoast-seo-wordpress\/ -->\n<title>Contact us - Libner<\/title>\n<meta name=\"description\" content=\"Contact us for more information about our product sheets, services, or company details.\" \/>\n<meta name=\"robots\" content=\"index, follow, max-snippet:-1, max-image-preview:large, max-video-preview:-1\" \/>\n<link rel=\"canonical\" href=\"https:\/\/libner.fr\/en\/contact-us\/\" \/>\n<meta property=\"og:locale\" content=\"en_US\" \/>\n<meta property=\"og:type\" content=\"article\" \/>\n<meta property=\"og:title\" content=\"Contact us - Libner\" \/>\n<meta property=\"og:description\" content=\"Contact us for more information about our product sheets, services, or company details.\" \/>\n<meta property=\"og:url\" content=\"https:\/\/libner.fr\/en\/contact-us\/\" \/>\n<meta property=\"og:site_name\" content=\"Libner\" \/>\n<meta property=\"article:modified_time\" content=\"2025-03-25T08:45:08+00:00\" \/>\n<meta name=\"twitter:card\" content=\"summary_large_image\" \/>\n<meta name=\"twitter:label1\" content=\"Est. reading time\" \/>\n\t<meta name=\"twitter:data1\" content=\"3 minutes\" \/>\n<script type=\"application\/ld+json\" class=\"yoast-schema-graph\">{\"@context\":\"https:\\\/\\\/schema.org\",\"@graph\":[{\"@type\":\"WebPage\",\"@id\":\"https:\\\/\\\/libner.fr\\\/en\\\/contact-us\\\/\",\"url\":\"https:\\\/\\\/libner.fr\\\/en\\\/contact-us\\\/\",\"name\":\"Contact us - Libner\",\"isPartOf\":{\"@id\":\"https:\\\/\\\/libner.fr\\\/#website\"},\"datePublished\":\"2015-11-12T11:47:06+00:00\",\"dateModified\":\"2025-03-25T08:45:08+00:00\",\"description\":\"Contact us for more information about our product sheets, services, or company details.\",\"breadcrumb\":{\"@id\":\"https:\\\/\\\/libner.fr\\\/en\\\/contact-us\\\/#breadcrumb\"},\"inLanguage\":\"en-US\",\"potentialAction\":[{\"@type\":\"ReadAction\",\"target\":[\"https:\\\/\\\/libner.fr\\\/en\\\/contact-us\\\/\"]}]},{\"@type\":\"BreadcrumbList\",\"@id\":\"https:\\\/\\\/libner.fr\\\/en\\\/contact-us\\\/#breadcrumb\",\"itemListElement\":[{\"@type\":\"ListItem\",\"position\":1,\"name\":\"Homepage\",\"item\":\"https:\\\/\\\/libner.fr\\\/en\\\/\"},{\"@type\":\"ListItem\",\"position\":2,\"name\":\"Contact us\"}]},{\"@type\":\"WebSite\",\"@id\":\"https:\\\/\\\/libner.fr\\\/#website\",\"url\":\"https:\\\/\\\/libner.fr\\\/\",\"name\":\"Libner\",\"description\":\"French heavy-duty vehicle coachbuilder\\n\",\"potentialAction\":[{\"@type\":\"SearchAction\",\"target\":{\"@type\":\"EntryPoint\",\"urlTemplate\":\"https:\\\/\\\/libner.fr\\\/?s={search_term_string}\"},\"query-input\":{\"@type\":\"PropertyValueSpecification\",\"valueRequired\":true,\"valueName\":\"search_term_string\"}}],\"inLanguage\":\"en-US\"}]}<\/script>\n<!-- \/ Yoast SEO plugin. -->","yoast_head_json":{"title":"Contact us - Libner","description":"Contact us for more information about our product sheets, services, or company details.","robots":{"index":"index","follow":"follow","max-snippet":"max-snippet:-1","max-image-preview":"max-image-preview:large","max-video-preview":"max-video-preview:-1"},"canonical":"https:\/\/libner.fr\/en\/contact-us\/","og_locale":"en_US","og_type":"article","og_title":"Contact us - Libner","og_description":"Contact us for more information about our product sheets, services, or company details.","og_url":"https:\/\/libner.fr\/en\/contact-us\/","og_site_name":"Libner","article_modified_time":"2025-03-25T08:45:08+00:00","twitter_card":"summary_large_image","twitter_misc":{"Est. reading time":"3 minutes"},"schema":{"@context":"https:\/\/schema.org","@graph":[{"@type":"WebPage","@id":"https:\/\/libner.fr\/en\/contact-us\/","url":"https:\/\/libner.fr\/en\/contact-us\/","name":"Contact us - Libner","isPartOf":{"@id":"https:\/\/libner.fr\/#website"},"datePublished":"2015-11-12T11:47:06+00:00","dateModified":"2025-03-25T08:45:08+00:00","description":"Contact us for more information about our product sheets, services, or company details.","breadcrumb":{"@id":"https:\/\/libner.fr\/en\/contact-us\/#breadcrumb"},"inLanguage":"en-US","potentialAction":[{"@type":"ReadAction","target":["https:\/\/libner.fr\/en\/contact-us\/"]}]},{"@type":"BreadcrumbList","@id":"https:\/\/libner.fr\/en\/contact-us\/#breadcrumb","itemListElement":[{"@type":"ListItem","position":1,"name":"Homepage","item":"https:\/\/libner.fr\/en\/"},{"@type":"ListItem","position":2,"name":"Contact us"}]},{"@type":"WebSite","@id":"https:\/\/libner.fr\/#website","url":"https:\/\/libner.fr\/","name":"Libner","description":"French heavy-duty vehicle coachbuilder\n","potentialAction":[{"@type":"SearchAction","target":{"@type":"EntryPoint","urlTemplate":"https:\/\/libner.fr\/?s={search_term_string}"},"query-input":{"@type":"PropertyValueSpecification","valueRequired":true,"valueName":"search_term_string"}}],"inLanguage":"en-US"}]}},"_links":{"self":[{"href":"https:\/\/libner.fr\/en\/wp-json\/wp\/v2\/pages\/5334","targetHints":{"allow":["GET"]}}],"collection":[{"href":"https:\/\/libner.fr\/en\/wp-json\/wp\/v2\/pages"}],"about":[{"href":"https:\/\/libner.fr\/en\/wp-json\/wp\/v2\/types\/page"}],"author":[{"embeddable":true,"href":"https:\/\/libner.fr\/en\/wp-json\/wp\/v2\/users\/1"}],"replies":[{"embeddable":true,"href":"https:\/\/libner.fr\/en\/wp-json\/wp\/v2\/comments?post=5334"}],"version-history":[{"count":1,"href":"https:\/\/libner.fr\/en\/wp-json\/wp\/v2\/pages\/5334\/revisions"}],"predecessor-version":[{"id":5335,"href":"https:\/\/libner.fr\/en\/wp-json\/wp\/v2\/pages\/5334\/revisions\/5335"}],"wp:attachment":[{"href":"https:\/\/libner.fr\/en\/wp-json\/wp\/v2\/media?parent=5334"}],"curies":[{"name":"wp","href":"https:\/\/api.w.org\/{rel}","templated":true}]}}