{"id":5061,"date":"2019-11-27T11:04:09","date_gmt":"2019-11-27T10:04:09","guid":{"rendered":"https:\/\/libner.fr\/donnees-personnelles\/"},"modified":"2025-03-21T10:20:11","modified_gmt":"2025-03-21T09:20:11","slug":"personenbezogene-daten","status":"publish","type":"page","link":"https:\/\/libner.fr\/de\/personenbezogene-daten\/","title":{"rendered":"Personenbezogene Daten"},"content":{"rendered":"\n<p><strong>www.libner.fr legt gr\u00f6\u00dften Wert auf den Schutz personenbezogener Daten. Diese Datenschutzrichtlinie soll Ihnen helfen zu verstehen, welche personenbezogenen Daten wir erfassen und wie wir sie verwenden.<\/strong><\/p> \n<p><strong>Unsere Website erfasst bestimmte personenbezogene Daten ihrer Nutzer.<\/strong><\/p> \n<p> <\/p> \n<p>EIGENT\u00dcMER UND VERANTWORTLICHER F\u00dcR DIE DATENVERARBEITUNG<\/p> \n<p>Adresse: 17 Rue Louis Brebion 79400 SAINT MAIXENT L&#8217;ECOLE<\/p> \n<p>Kontakt-E-Mail des Eigent\u00fcmers: <a href=\"mailto:contact@libner.fr\">contact@libner.fr<\/a><\/p> \n<p> <\/p> \n<p>ART DER ERHOBENEN DATEN<\/p> \n<p>Zu den Arten personenbezogener Daten, die diese Website direkt oder \u00fcber Dritte erhebt, geh\u00f6ren: Vorname, Nachname, Telefonnummer, E-Mail-Adresse, Cookies und Nutzungsdaten.<\/p> \n<p>Die vollst\u00e4ndigen Details zu jeder Art von gesammelten personenbezogenen Daten sind in den entsprechenden Abschnitten dieser Datenschutzrichtlinie oder in spezifischen Erl\u00e4uterungstexten vor der Datenerhebung angegeben.<\/p> \n<p>Die personenbezogenen Daten k\u00f6nnen vom Nutzer freiwillig bereitgestellt oder, im Falle von Nutzungsdaten, automatisch erfasst werden, wenn Sie die Website nutzen.<\/p> \n<p>Sofern nicht anders angegeben, sind alle von dieser Website angeforderten Daten obligatorisch, und deren Fehlen kann es unm\u00f6glich machen, die Dienstleistungen oder Informationen bereitzustellen. Falls diese Website angibt, dass bestimmte Daten nicht obligatorisch sind, steht es den Nutzern frei, diese nicht bereitzustellen, ohne dass dies Auswirkungen auf die Verf\u00fcgbarkeit oder Funktionalit\u00e4t der Dienstleistungen hat. Nutzer, die sich \u00fcber verpflichtende personenbezogene Daten unsicher sind, k\u00f6nnen sich an den Eigent\u00fcmer wenden.<\/p> \n<p>Jegliche Verwendung von Cookies oder anderen Tracking-Tools durch diese Website oder durch die Eigent\u00fcmer von Drittanbieterdiensten dient der Bereitstellung der vom Nutzer angeforderten Dienstleistungen sowie den anderen in diesem Dokument und in der Cookie-Richtlinie beschriebenen Zwecken.<\/p> \n<p>Die Nutzer sind f\u00fcr alle personenbezogenen Daten Dritter verantwortlich, die \u00fcber diese Website erhalten, ver\u00f6ffentlicht oder weitergegeben werden, und best\u00e4tigen, dass sie die Zustimmung des Dritten zur Bereitstellung der Daten f\u00fcr den Eigent\u00fcmer erhalten haben.<\/p> \n<p> <\/p> \n<p>ART UND ORT DER DATENVERARBEITUNG<\/p> \n<p><strong>VERARBEITUNGSMETHODEN<\/strong><\/p> \n<p>Der Eigent\u00fcmer trifft angemessene Sicherheitsma\u00dfnahmen, um unbefugten Zugriff, Offenlegung, \u00c4nderung oder Zerst\u00f6rung der Daten zu verhindern.<\/p> \n<p>Die Verarbeitung der Daten erfolgt mit Computern oder IT-gest\u00fctzten Werkzeugen unter Einhaltung organisatorischer Verfahren und Methoden, die eng mit den angegebenen Zwecken verkn\u00fcpft sind. Neben dem Eigent\u00fcmer k\u00f6nnen die Daten in bestimmten F\u00e4llen bestimmten Kategorien von Personen zug\u00e4nglich sein, die mit dem Betrieb dieser Website beauftragt sind (Verwaltung, Marketing, Rechtsabteilung, Systemadministration) oder externen Parteien (z. B. Drittanbieter von technischen Dienstleistungen, Zustelldiensten, Hosting-Anbietern, IT-Unternehmen, Kommunikationsagenturen), die gegebenenfalls als Auftragsverarbeiter vom Eigent\u00fcmer ernannt wurden. Eine aktualisierte Liste dieser Parteien kann jederzeit beim Eigent\u00fcmer angefordert werden.<\/p> \n<p> <\/p> \n<p><strong>RECHTSGRUNDLAGE DER VERARBEITUNG<\/strong><\/p> \n<p>Der Eigent\u00fcmer kann personenbezogene Daten von Nutzern verarbeiten, wenn eine der folgenden Bedingungen zutrifft:<\/p> \n<ul> \n<li>Die Nutzer haben ihre Zustimmung zu einem oder mehreren bestimmten Zwecken gegeben;<\/li> \n<\/ul> \n<p><strong>Hinweis:<\/strong> Nach bestimmten gesetzlichen Vorschriften kann der Eigent\u00fcmer personenbezogene Daten verarbeiten, bis der Nutzer dieser Verarbeitung widerspricht (\u201eOpt-out\u201c), ohne dass er sich auf eine Einwilligung oder eine andere der folgenden Rechtsgrundlagen st\u00fctzen muss. Diese Regelung gilt jedoch nicht, wenn die Verarbeitung personenbezogener Daten dem europ\u00e4ischen Datenschutzrecht unterliegt.<\/p> \n<ul> \n<li>Die Bereitstellung der Daten ist f\u00fcr die Erf\u00fcllung eines Vertrags mit dem Nutzer oder f\u00fcr vorvertragliche Verpflichtungen erforderlich;<\/li> \n<li>Die Verarbeitung ist erforderlich, um einer gesetzlichen Verpflichtung nachzukommen, der der Eigent\u00fcmer unterliegt;<\/li> \n<li>Die Verarbeitung steht im Zusammenhang mit einer Aufgabe, die im \u00f6ffentlichen Interesse oder in Aus\u00fcbung \u00f6ffentlicher Gewalt erfolgt, die dem Eigent\u00fcmer \u00fcbertragen wurde;<\/li> \n<li>Die Verarbeitung ist zur Wahrung der berechtigten Interessen des Eigent\u00fcmers oder eines Dritten erforderlich.<\/li> \n<\/ul> \n<p>In jedem Fall hilft der Eigent\u00fcmer gerne, die spezifische Rechtsgrundlage zu kl\u00e4ren, die f\u00fcr die Verarbeitung gilt, insbesondere ob die Bereitstellung personenbezogener Daten eine gesetzliche oder vertragliche Verpflichtung oder eine Voraussetzung f\u00fcr den Abschluss eines Vertrags ist.<\/p> \n<p> <\/p> \n<p><strong>AUFBEWAHRUNGSZEITRAUM<\/strong><\/p> \n<p>Die personenbezogenen Daten werden so lange verarbeitet und gespeichert, wie es f\u00fcr den Zweck, f\u00fcr den sie erhoben wurden, erforderlich ist.<\/p> \n<p>Daher werden personenbezogene Daten, die im Zusammenhang mit der Erf\u00fcllung eines Vertrags zwischen dem Eigent\u00fcmer und dem Nutzer erfasst wurden, bis zur vollst\u00e4ndigen Vertragserf\u00fcllung gespeichert.<\/p> \n<p>Der Eigent\u00fcmer kann personenbezogene Daten l\u00e4nger speichern, wenn der Nutzer in eine solche Verarbeitung eingewilligt hat, solange diese Einwilligung nicht widerrufen wird. Dar\u00fcber hinaus kann der Eigent\u00fcmer verpflichtet sein, personenbezogene Daten l\u00e4nger zu speichern, wenn dies zur Erf\u00fcllung einer gesetzlichen Verpflichtung oder auf Anordnung einer Beh\u00f6rde erforderlich ist.<\/p> \n<p>Sobald die Aufbewahrungsfrist abgelaufen ist, werden die personenbezogenen Daten gel\u00f6scht. Daher k\u00f6nnen nach Ablauf dieser Frist keine Rechte auf Zugang, L\u00f6schung, Berichtigung oder \u00dcbertragbarkeit mehr geltend gemacht werden.<\/p> \n<p> <\/p> \n<p><strong>RECHTE DER NUTZER<\/strong><\/p> \n<p>Die Nutzer haben das Recht:<\/p> \n<ul> \n<li>Ihre Einwilligung jederzeit zu widerrufen;<\/li> \n<li>Der Verarbeitung ihrer Daten zu widersprechen;<\/li> \n<li>Zugriff auf ihre Daten zu erhalten;<\/li> \n<li>Die Korrektur und Berichtigung ihrer Daten zu verlangen;<\/li> \n<li>Die Verarbeitung ihrer Daten einzuschr\u00e4nken;<\/li> \n<li>Die L\u00f6schung ihrer personenbezogenen Daten zu verlangen;<\/li> \n<li>Ihre Daten zu erhalten und sie an einen anderen Verantwortlichen zu \u00fcbertragen;<\/li> \n<li>Eine Beschwerde bei einer Datenschutzbeh\u00f6rde einzureichen.<\/li> \n<\/ul> \n<p> <\/p> \n<p>Weitere Details und zus\u00e4tzliche Informationen sind in der vollst\u00e4ndigen Datenschutzrichtlinie verf\u00fcgbar.<\/p>\n","protected":false},"excerpt":{"rendered":"<p>www.libner.fr legt gr\u00f6\u00dften Wert auf den Schutz personenbezogener Daten. Diese Datenschutzrichtlinie soll Ihnen helfen zu verstehen, welche personenbezogenen Daten wir erfassen und wie wir sie verwenden. Unsere Website erfasst bestimmte personenbezogene Daten ihrer Nutzer. EIGENT\u00dcMER UND VERANTWORTLICHER F\u00dcR DIE DATENVERARBEITUNG Adresse: 17 Rue Louis Brebion 79400 SAINT MAIXENT L&#8217;ECOLE Kontakt-E-Mail des Eigent\u00fcmers: contact@libner.fr ART DER [&hellip;]<\/p>\n","protected":false},"author":1,"featured_media":0,"parent":0,"menu_order":0,"comment_status":"closed","ping_status":"closed","template":"","meta":{"_acf_changed":false,"footnotes":""},"class_list":["post-5061","page","type-page","status-publish","hentry"],"acf":[],"yoast_head":"<!-- This site is optimized with the Yoast SEO plugin v27.3 - https:\/\/yoast.com\/product\/yoast-seo-wordpress\/ -->\n<title>Personenbezogene Daten - Libner<\/title>\n<meta name=\"robots\" content=\"index, follow, max-snippet:-1, max-image-preview:large, max-video-preview:-1\" \/>\n<link rel=\"canonical\" href=\"https:\/\/libner.fr\/de\/personenbezogene-daten\/\" \/>\n<meta property=\"og:locale\" content=\"de_DE\" \/>\n<meta property=\"og:type\" content=\"article\" \/>\n<meta property=\"og:title\" content=\"Personenbezogene Daten - Libner\" \/>\n<meta property=\"og:description\" content=\"www.libner.fr legt gr\u00f6\u00dften Wert auf den Schutz personenbezogener Daten. Diese Datenschutzrichtlinie soll Ihnen helfen zu verstehen, welche personenbezogenen Daten wir erfassen und wie wir sie verwenden. Unsere Website erfasst bestimmte personenbezogene Daten ihrer Nutzer. EIGENT\u00dcMER UND VERANTWORTLICHER F\u00dcR DIE DATENVERARBEITUNG Adresse: 17 Rue Louis Brebion 79400 SAINT MAIXENT L&#8217;ECOLE Kontakt-E-Mail des Eigent\u00fcmers: contact@libner.fr ART DER [&hellip;]\" \/>\n<meta property=\"og:url\" content=\"https:\/\/libner.fr\/de\/personenbezogene-daten\/\" \/>\n<meta property=\"og:site_name\" content=\"Libner\" \/>\n<meta property=\"article:modified_time\" content=\"2025-03-21T09:20:11+00:00\" \/>\n<meta name=\"twitter:card\" content=\"summary_large_image\" \/>\n<meta name=\"twitter:label1\" content=\"Gesch\u00e4tzte Lesezeit\" \/>\n\t<meta name=\"twitter:data1\" content=\"11\u00a0Minuten\" \/>\n<script type=\"application\/ld+json\" class=\"yoast-schema-graph\">{\"@context\":\"https:\\\/\\\/schema.org\",\"@graph\":[{\"@type\":\"WebPage\",\"@id\":\"https:\\\/\\\/libner.fr\\\/de\\\/personenbezogene-daten\\\/\",\"url\":\"https:\\\/\\\/libner.fr\\\/de\\\/personenbezogene-daten\\\/\",\"name\":\"Personenbezogene Daten - Libner\",\"isPartOf\":{\"@id\":\"https:\\\/\\\/libner.fr\\\/#website\"},\"datePublished\":\"2019-11-27T10:04:09+00:00\",\"dateModified\":\"2025-03-21T09:20:11+00:00\",\"breadcrumb\":{\"@id\":\"https:\\\/\\\/libner.fr\\\/de\\\/personenbezogene-daten\\\/#breadcrumb\"},\"inLanguage\":\"de\",\"potentialAction\":[{\"@type\":\"ReadAction\",\"target\":[\"https:\\\/\\\/libner.fr\\\/de\\\/personenbezogene-daten\\\/\"]}]},{\"@type\":\"BreadcrumbList\",\"@id\":\"https:\\\/\\\/libner.fr\\\/de\\\/personenbezogene-daten\\\/#breadcrumb\",\"itemListElement\":[{\"@type\":\"ListItem\",\"position\":1,\"name\":\"Startseite\",\"item\":\"https:\\\/\\\/libner.fr\\\/de\\\/\"},{\"@type\":\"ListItem\",\"position\":2,\"name\":\"Personenbezogene Daten\"}]},{\"@type\":\"WebSite\",\"@id\":\"https:\\\/\\\/libner.fr\\\/#website\",\"url\":\"https:\\\/\\\/libner.fr\\\/\",\"name\":\"Libner\",\"description\":\"Franz\u00f6sischer Karosseriebauer\",\"potentialAction\":[{\"@type\":\"SearchAction\",\"target\":{\"@type\":\"EntryPoint\",\"urlTemplate\":\"https:\\\/\\\/libner.fr\\\/?s={search_term_string}\"},\"query-input\":{\"@type\":\"PropertyValueSpecification\",\"valueRequired\":true,\"valueName\":\"search_term_string\"}}],\"inLanguage\":\"de\"}]}<\/script>\n<!-- \/ Yoast SEO plugin. -->","yoast_head_json":{"title":"Personenbezogene Daten - Libner","robots":{"index":"index","follow":"follow","max-snippet":"max-snippet:-1","max-image-preview":"max-image-preview:large","max-video-preview":"max-video-preview:-1"},"canonical":"https:\/\/libner.fr\/de\/personenbezogene-daten\/","og_locale":"de_DE","og_type":"article","og_title":"Personenbezogene Daten - Libner","og_description":"www.libner.fr legt gr\u00f6\u00dften Wert auf den Schutz personenbezogener Daten. Diese Datenschutzrichtlinie soll Ihnen helfen zu verstehen, welche personenbezogenen Daten wir erfassen und wie wir sie verwenden. Unsere Website erfasst bestimmte personenbezogene Daten ihrer Nutzer. EIGENT\u00dcMER UND VERANTWORTLICHER F\u00dcR DIE DATENVERARBEITUNG Adresse: 17 Rue Louis Brebion 79400 SAINT MAIXENT L&#8217;ECOLE Kontakt-E-Mail des Eigent\u00fcmers: contact@libner.fr ART DER [&hellip;]","og_url":"https:\/\/libner.fr\/de\/personenbezogene-daten\/","og_site_name":"Libner","article_modified_time":"2025-03-21T09:20:11+00:00","twitter_card":"summary_large_image","twitter_misc":{"Gesch\u00e4tzte Lesezeit":"11\u00a0Minuten"},"schema":{"@context":"https:\/\/schema.org","@graph":[{"@type":"WebPage","@id":"https:\/\/libner.fr\/de\/personenbezogene-daten\/","url":"https:\/\/libner.fr\/de\/personenbezogene-daten\/","name":"Personenbezogene Daten - Libner","isPartOf":{"@id":"https:\/\/libner.fr\/#website"},"datePublished":"2019-11-27T10:04:09+00:00","dateModified":"2025-03-21T09:20:11+00:00","breadcrumb":{"@id":"https:\/\/libner.fr\/de\/personenbezogene-daten\/#breadcrumb"},"inLanguage":"de","potentialAction":[{"@type":"ReadAction","target":["https:\/\/libner.fr\/de\/personenbezogene-daten\/"]}]},{"@type":"BreadcrumbList","@id":"https:\/\/libner.fr\/de\/personenbezogene-daten\/#breadcrumb","itemListElement":[{"@type":"ListItem","position":1,"name":"Startseite","item":"https:\/\/libner.fr\/de\/"},{"@type":"ListItem","position":2,"name":"Personenbezogene Daten"}]},{"@type":"WebSite","@id":"https:\/\/libner.fr\/#website","url":"https:\/\/libner.fr\/","name":"Libner","description":"Franz\u00f6sischer Karosseriebauer","potentialAction":[{"@type":"SearchAction","target":{"@type":"EntryPoint","urlTemplate":"https:\/\/libner.fr\/?s={search_term_string}"},"query-input":{"@type":"PropertyValueSpecification","valueRequired":true,"valueName":"search_term_string"}}],"inLanguage":"de"}]}},"_links":{"self":[{"href":"https:\/\/libner.fr\/de\/wp-json\/wp\/v2\/pages\/5061","targetHints":{"allow":["GET"]}}],"collection":[{"href":"https:\/\/libner.fr\/de\/wp-json\/wp\/v2\/pages"}],"about":[{"href":"https:\/\/libner.fr\/de\/wp-json\/wp\/v2\/types\/page"}],"author":[{"embeddable":true,"href":"https:\/\/libner.fr\/de\/wp-json\/wp\/v2\/users\/1"}],"replies":[{"embeddable":true,"href":"https:\/\/libner.fr\/de\/wp-json\/wp\/v2\/comments?post=5061"}],"version-history":[{"count":5,"href":"https:\/\/libner.fr\/de\/wp-json\/wp\/v2\/pages\/5061\/revisions"}],"predecessor-version":[{"id":5067,"href":"https:\/\/libner.fr\/de\/wp-json\/wp\/v2\/pages\/5061\/revisions\/5067"}],"wp:attachment":[{"href":"https:\/\/libner.fr\/de\/wp-json\/wp\/v2\/media?parent=5061"}],"curies":[{"name":"wp","href":"https:\/\/api.w.org\/{rel}","templated":true}]}}