{"id":5033,"date":"2021-07-19T15:59:01","date_gmt":"2021-07-19T13:59:01","guid":{"rendered":"https:\/\/libner.fr\/service\/sous-traitance\/"},"modified":"2025-03-21T13:33:56","modified_gmt":"2025-03-21T12:33:56","slug":"andere-dienstleistungen","status":"publish","type":"page","link":"https:\/\/libner.fr\/de\/service\/andere-dienstleistungen\/","title":{"rendered":"Andere Dienstleistungen"},"content":{"rendered":"\n\n\t<h2>LIBNER: IHR PARTNER IN DER INDUSTRIELLEN BLECHBEARBEITUNG<\/h2>\n<p>Libner ist Ihr Experte in der industriellen Blechbearbeitung und bietet Ihnen eine vollst\u00e4ndige Palette von Dienstleistungen, die von Laserschneiden \u00fcber mechanisches Schwei\u00dfen bis hin zum industriellen Biegen von verschiedenen Materialien wie Stahl, Aluminium und Edelstahl reichen.<\/p>\n<p>Unser hochqualifiziertes und erfahrenes Team arbeitet in einem modernen und leistungsstarken Maschinenpark, der eine \u00fcberdachte Fl\u00e4che von fast 15.000 m\u00b2 umfasst. Unabh\u00e4ngig von der Schwierigkeit Ihrer Anfrage sind wir bereit, die komplexesten Herausforderungen anzunehmen und ma\u00dfgeschneiderte L\u00f6sungen zu liefern.<\/p>\n\t\t\t\t\t\t\t\t\t\t<h3>SCHWEISSEN<\/h3>\n\t\t\t\t\t\t\t\t<p>Dank unserer Expertise im Bereich des industriellen Fahrzeugbaus bieten wir Ihnen einen Schwei\u00dfservice f\u00fcr Reparatur- oder Umbauprojekte bestehender Aufbauten an. Unser erfahrenes Team verwirklicht gern auch Ihre pers\u00f6nlichen Projekte.<\/p>\t\t\t\t\t\t\t\n\t\t\t\t\t\t\t\t\t\t<h3>MECHANISCHES BIEGEN<\/h3>\n\t\t\t\t\t\t\t\t<p>Wir bieten Ihnen Blechbiegedienste nach Ma\u00df. Unser Team steht Ihnen gern zur Verf\u00fcgung, um nach Ihren genauen Vorgaben und individuellen Designw\u00fcnschen Ihre Bleche mit unseren Pr\u00e4zisionsmaschinen zu formen.<\/p>\t\t\t\t\t\t\t\n\t\t\t\t\t\t\t\t\t\t<h3>BLECH-SCHNEIDEN<\/h3>\n\t\t\t\t\t\t\t\t<p>Wir bieten Blechschneide-Serviceleistungen nach Kundenvorgabe an. Wir k\u00f6nnen eine Vielzahl verschiedener Metallbleche (Aluminium, Stahl, Edelstahl) pr\u00e4zise schneiden. Unser Team verwirklicht gern Ihre pers\u00f6nlichen Projekte.<\/p>\t\t\t\t\t\t\t\n\t\t\t\t<img loading=\"lazy\" decoding=\"async\" src=\"https:\/\/libner.fr\/wp-content\/uploads\/2024\/02\/Machine-laser.jpg\" alt=\"Machine-laser\" itemprop=\"image\" height=\"1725\" width=\"2048\" title=\"Machine-laser\" onerror=\"this.style.display='none'\"  \/>\n\t<p>LIBNER verf\u00fcgt \u00fcber hochmoderne Produktionswerkzeuge wie die neue, hochpr\u00e4zise Laserschneidmaschine TRUMPF TRULASER 3040 der Lasertypenklasse \u201eFaser-Laser&#8220;. Die Produktionskapazit\u00e4t, die Arbeitsgeschwindigkeit und die Qualit\u00e4t des Endprodukts hat sich durch diese Anschaffung erheblich gesteigert. Zeitgleich wurden Materialabf\u00e4lle signifikant reduziert.<\/p>\n<p>Die Maschine mit einer Leistung von 4000 Watt ist in der Lage, fast alle Metalle, Stahlsorten und Legierungen bis zu einer maximalen Dicke von 20 mm (Stahl-Blech) und 30 mm (Aluminium-Blech) zu schneiden. Die Arbeitsoberfl\u00e4che unserer Maschine betr\u00e4gt 4 X 2 Meter und bietet die M\u00f6glichkeit, auch gro\u00dfformatige Bleche zu bearbeiten.<\/p>\n\t\t\t\t<img loading=\"lazy\" decoding=\"async\" src=\"https:\/\/libner.fr\/wp-content\/uploads\/2024\/02\/DECOUPE-LASER-scaled.jpg\" alt=\"DECOUPE-LASER\" itemprop=\"image\" height=\"1420\" width=\"2048\" title=\"DECOUPE-LASER\" onerror=\"this.style.display='none'\"  \/>\n\t<p>&nbsp;<\/p>\n<p>&nbsp;<\/p>\n<p>Diese innovative Schneid-Technologie erm\u00f6glicht es uns, effizient auf alle Arten von Anfragen im Rahmen der Produktion unserer Fahrzeugbau-Produkte zu reagieren. Ebenso k\u00f6nnen wir alle Kundenw\u00fcnsche im Bereich der Auftragsfertigung, sei es f\u00fcr kleine oder gro\u00dfe St\u00fcckserien, unter Ber\u00fccksichtigung der spezifischen Frist-, Mengen- und Qualit\u00e4tsanforderungen erf\u00fcllen.<\/p>\n<p>Die Maschine ist mit einem sogenannten Tauscher verbunden, der die rohen Teile in einem integrierten Lager abholt und anschlie\u00dfend in einem anderen Lagerfach ablegt. Diese Automatisierung ist hocheffizient und vermeidet Zuordnungsfehler im Lagerbetrieb.<\/p>\n\t<h2><strong>Kontaktieren Sie uns jetzt f\u00fcr weitere Informationen<\/strong><\/h2>\n\t\t\t<a href=\"https:\/\/libner.fr\/de\/kontaktieren-sie-uns\/\" target=\"_self\">\n\t\t\t\t\t\t\tKontaktieren Sie uns\n\t\t\t<\/a>\n\n","protected":false},"excerpt":{"rendered":"<p>LIBNER: IHR PARTNER IN DER INDUSTRIELLEN BLECHBEARBEITUNG Libner ist Ihr Experte in der industriellen Blechbearbeitung und bietet Ihnen eine vollst\u00e4ndige Palette von Dienstleistungen, die von Laserschneiden \u00fcber mechanisches Schwei\u00dfen bis hin zum industriellen Biegen von verschiedenen Materialien wie Stahl, Aluminium und Edelstahl reichen. Unser hochqualifiziertes und erfahrenes Team arbeitet in einem modernen und leistungsstarken Maschinenpark, [&hellip;]<\/p>\n","protected":false},"author":1,"featured_media":0,"parent":4705,"menu_order":0,"comment_status":"closed","ping_status":"closed","template":"","meta":{"_acf_changed":false,"footnotes":""},"class_list":["post-5033","page","type-page","status-publish","hentry"],"acf":[],"yoast_head":"<!-- This site is optimized with the Yoast SEO plugin v27.3 - https:\/\/yoast.com\/product\/yoast-seo-wordpress\/ -->\n<title>Andere Dienstleistungen - Libner<\/title>\n<meta name=\"description\" content=\"Wir bieten einen Lohnfertigungsservice f\u00fcr die Herstellung Ihrer spezifischen Teile an, dank unseres umfassenden Maschinenparks.\" \/>\n<meta name=\"robots\" content=\"index, follow, max-snippet:-1, max-image-preview:large, max-video-preview:-1\" \/>\n<link rel=\"canonical\" href=\"https:\/\/libner.fr\/de\/service\/andere-dienstleistungen\/\" \/>\n<meta property=\"og:locale\" content=\"de_DE\" \/>\n<meta property=\"og:type\" content=\"article\" \/>\n<meta property=\"og:title\" content=\"Andere Dienstleistungen - Libner\" \/>\n<meta property=\"og:description\" content=\"Wir bieten einen Lohnfertigungsservice f\u00fcr die Herstellung Ihrer spezifischen Teile an, dank unseres umfassenden Maschinenparks.\" \/>\n<meta property=\"og:url\" content=\"https:\/\/libner.fr\/de\/service\/andere-dienstleistungen\/\" \/>\n<meta property=\"og:site_name\" content=\"Libner\" \/>\n<meta property=\"article:modified_time\" content=\"2025-03-21T12:33:56+00:00\" \/>\n<meta property=\"og:image\" content=\"https:\/\/libner.fr\/wp-content\/uploads\/2024\/02\/Machine-laser.jpg\" \/>\n<meta name=\"twitter:card\" content=\"summary_large_image\" \/>\n<meta name=\"twitter:label1\" content=\"Gesch\u00e4tzte Lesezeit\" \/>\n\t<meta name=\"twitter:data1\" content=\"3\u00a0Minuten\" \/>\n<script type=\"application\/ld+json\" class=\"yoast-schema-graph\">{\"@context\":\"https:\\\/\\\/schema.org\",\"@graph\":[{\"@type\":\"WebPage\",\"@id\":\"https:\\\/\\\/libner.fr\\\/de\\\/service\\\/andere-dienstleistungen\\\/\",\"url\":\"https:\\\/\\\/libner.fr\\\/de\\\/service\\\/andere-dienstleistungen\\\/\",\"name\":\"Andere Dienstleistungen - Libner\",\"isPartOf\":{\"@id\":\"https:\\\/\\\/libner.fr\\\/#website\"},\"primaryImageOfPage\":{\"@id\":\"https:\\\/\\\/libner.fr\\\/de\\\/service\\\/andere-dienstleistungen\\\/#primaryimage\"},\"image\":{\"@id\":\"https:\\\/\\\/libner.fr\\\/de\\\/service\\\/andere-dienstleistungen\\\/#primaryimage\"},\"thumbnailUrl\":\"https:\\\/\\\/libner.fr\\\/wp-content\\\/uploads\\\/2024\\\/02\\\/Machine-laser.jpg\",\"datePublished\":\"2021-07-19T13:59:01+00:00\",\"dateModified\":\"2025-03-21T12:33:56+00:00\",\"description\":\"Wir bieten einen Lohnfertigungsservice f\u00fcr die Herstellung Ihrer spezifischen Teile an, dank unseres umfassenden Maschinenparks.\",\"breadcrumb\":{\"@id\":\"https:\\\/\\\/libner.fr\\\/de\\\/service\\\/andere-dienstleistungen\\\/#breadcrumb\"},\"inLanguage\":\"de\",\"potentialAction\":[{\"@type\":\"ReadAction\",\"target\":[\"https:\\\/\\\/libner.fr\\\/de\\\/service\\\/andere-dienstleistungen\\\/\"]}]},{\"@type\":\"ImageObject\",\"inLanguage\":\"de\",\"@id\":\"https:\\\/\\\/libner.fr\\\/de\\\/service\\\/andere-dienstleistungen\\\/#primaryimage\",\"url\":\"https:\\\/\\\/libner.fr\\\/wp-content\\\/uploads\\\/2024\\\/02\\\/Machine-laser.jpg\",\"contentUrl\":\"https:\\\/\\\/libner.fr\\\/wp-content\\\/uploads\\\/2024\\\/02\\\/Machine-laser.jpg\"},{\"@type\":\"BreadcrumbList\",\"@id\":\"https:\\\/\\\/libner.fr\\\/de\\\/service\\\/andere-dienstleistungen\\\/#breadcrumb\",\"itemListElement\":[{\"@type\":\"ListItem\",\"position\":1,\"name\":\"Startseite\",\"item\":\"https:\\\/\\\/libner.fr\\\/de\\\/\"},{\"@type\":\"ListItem\",\"position\":2,\"name\":\"Service\",\"item\":\"https:\\\/\\\/libner.fr\\\/de\\\/service\\\/\"},{\"@type\":\"ListItem\",\"position\":3,\"name\":\"Andere Dienstleistungen\"}]},{\"@type\":\"WebSite\",\"@id\":\"https:\\\/\\\/libner.fr\\\/#website\",\"url\":\"https:\\\/\\\/libner.fr\\\/\",\"name\":\"Libner\",\"description\":\"Franz\u00f6sischer Karosseriebauer\",\"potentialAction\":[{\"@type\":\"SearchAction\",\"target\":{\"@type\":\"EntryPoint\",\"urlTemplate\":\"https:\\\/\\\/libner.fr\\\/?s={search_term_string}\"},\"query-input\":{\"@type\":\"PropertyValueSpecification\",\"valueRequired\":true,\"valueName\":\"search_term_string\"}}],\"inLanguage\":\"de\"}]}<\/script>\n<!-- \/ Yoast SEO plugin. -->","yoast_head_json":{"title":"Andere Dienstleistungen - Libner","description":"Wir bieten einen Lohnfertigungsservice f\u00fcr die Herstellung Ihrer spezifischen Teile an, dank unseres umfassenden Maschinenparks.","robots":{"index":"index","follow":"follow","max-snippet":"max-snippet:-1","max-image-preview":"max-image-preview:large","max-video-preview":"max-video-preview:-1"},"canonical":"https:\/\/libner.fr\/de\/service\/andere-dienstleistungen\/","og_locale":"de_DE","og_type":"article","og_title":"Andere Dienstleistungen - Libner","og_description":"Wir bieten einen Lohnfertigungsservice f\u00fcr die Herstellung Ihrer spezifischen Teile an, dank unseres umfassenden Maschinenparks.","og_url":"https:\/\/libner.fr\/de\/service\/andere-dienstleistungen\/","og_site_name":"Libner","article_modified_time":"2025-03-21T12:33:56+00:00","og_image":[{"url":"https:\/\/libner.fr\/wp-content\/uploads\/2024\/02\/Machine-laser.jpg","type":"","width":"","height":""}],"twitter_card":"summary_large_image","twitter_misc":{"Gesch\u00e4tzte Lesezeit":"3\u00a0Minuten"},"schema":{"@context":"https:\/\/schema.org","@graph":[{"@type":"WebPage","@id":"https:\/\/libner.fr\/de\/service\/andere-dienstleistungen\/","url":"https:\/\/libner.fr\/de\/service\/andere-dienstleistungen\/","name":"Andere Dienstleistungen - Libner","isPartOf":{"@id":"https:\/\/libner.fr\/#website"},"primaryImageOfPage":{"@id":"https:\/\/libner.fr\/de\/service\/andere-dienstleistungen\/#primaryimage"},"image":{"@id":"https:\/\/libner.fr\/de\/service\/andere-dienstleistungen\/#primaryimage"},"thumbnailUrl":"https:\/\/libner.fr\/wp-content\/uploads\/2024\/02\/Machine-laser.jpg","datePublished":"2021-07-19T13:59:01+00:00","dateModified":"2025-03-21T12:33:56+00:00","description":"Wir bieten einen Lohnfertigungsservice f\u00fcr die Herstellung Ihrer spezifischen Teile an, dank unseres umfassenden Maschinenparks.","breadcrumb":{"@id":"https:\/\/libner.fr\/de\/service\/andere-dienstleistungen\/#breadcrumb"},"inLanguage":"de","potentialAction":[{"@type":"ReadAction","target":["https:\/\/libner.fr\/de\/service\/andere-dienstleistungen\/"]}]},{"@type":"ImageObject","inLanguage":"de","@id":"https:\/\/libner.fr\/de\/service\/andere-dienstleistungen\/#primaryimage","url":"https:\/\/libner.fr\/wp-content\/uploads\/2024\/02\/Machine-laser.jpg","contentUrl":"https:\/\/libner.fr\/wp-content\/uploads\/2024\/02\/Machine-laser.jpg"},{"@type":"BreadcrumbList","@id":"https:\/\/libner.fr\/de\/service\/andere-dienstleistungen\/#breadcrumb","itemListElement":[{"@type":"ListItem","position":1,"name":"Startseite","item":"https:\/\/libner.fr\/de\/"},{"@type":"ListItem","position":2,"name":"Service","item":"https:\/\/libner.fr\/de\/service\/"},{"@type":"ListItem","position":3,"name":"Andere Dienstleistungen"}]},{"@type":"WebSite","@id":"https:\/\/libner.fr\/#website","url":"https:\/\/libner.fr\/","name":"Libner","description":"Franz\u00f6sischer Karosseriebauer","potentialAction":[{"@type":"SearchAction","target":{"@type":"EntryPoint","urlTemplate":"https:\/\/libner.fr\/?s={search_term_string}"},"query-input":{"@type":"PropertyValueSpecification","valueRequired":true,"valueName":"search_term_string"}}],"inLanguage":"de"}]}},"_links":{"self":[{"href":"https:\/\/libner.fr\/de\/wp-json\/wp\/v2\/pages\/5033","targetHints":{"allow":["GET"]}}],"collection":[{"href":"https:\/\/libner.fr\/de\/wp-json\/wp\/v2\/pages"}],"about":[{"href":"https:\/\/libner.fr\/de\/wp-json\/wp\/v2\/types\/page"}],"author":[{"embeddable":true,"href":"https:\/\/libner.fr\/de\/wp-json\/wp\/v2\/users\/1"}],"replies":[{"embeddable":true,"href":"https:\/\/libner.fr\/de\/wp-json\/wp\/v2\/comments?post=5033"}],"version-history":[{"count":4,"href":"https:\/\/libner.fr\/de\/wp-json\/wp\/v2\/pages\/5033\/revisions"}],"predecessor-version":[{"id":5081,"href":"https:\/\/libner.fr\/de\/wp-json\/wp\/v2\/pages\/5033\/revisions\/5081"}],"up":[{"embeddable":true,"href":"https:\/\/libner.fr\/de\/wp-json\/wp\/v2\/pages\/4705"}],"wp:attachment":[{"href":"https:\/\/libner.fr\/de\/wp-json\/wp\/v2\/media?parent=5033"}],"curies":[{"name":"wp","href":"https:\/\/api.w.org\/{rel}","templated":true}]}}