{"id":5026,"date":"2021-09-02T09:52:29","date_gmt":"2021-09-02T07:52:29","guid":{"rendered":"https:\/\/libner.fr\/services\/ersatzteile\/formulaire-pieces-detachees\/"},"modified":"2025-03-18T14:27:41","modified_gmt":"2025-03-18T13:27:41","slug":"formular-fuer-ersatzteile","status":"publish","type":"page","link":"https:\/\/libner.fr\/de\/service\/ersatzteile\/formular-fuer-ersatzteile\/","title":{"rendered":"Formular f\u00fcr Ersatzteile"},"content":{"rendered":"\r\n<h2>Pi\u00e8ces d\u00e9tach\u00e9es<\/h2>\r\n<fieldset id=\"field_4_4\" data-js-reload=\"field_4_4\"><legend class=\"gfield_label gform-field-label gfield_label_before_complex\">Nom(N\u00e9cessaire)<\/legend> <label class=\"gform-field-label gform-field-label--type-sub \" for=\"input_4_4_3\">Pr\u00e9nom<\/label> <label class=\"gform-field-label gform-field-label--type-sub \" for=\"input_4_4_6\">Nom<\/label><\/fieldset>\r\n<p><label class=\"gfield_label gform-field-label\" for=\"input_4_2\">E-mail(N\u00e9cessaire)<\/label> <label class=\"gfield_label gform-field-label\" for=\"input_4_3\">T\u00e9l\u00e9phone(N\u00e9cessaire)<\/label><label class=\"gfield_label gform-field-label\" for=\"input_4_11\">Votre num\u00e9ro de commande &#8211; Facture &#8211; Devis<\/label> <label class=\"gfield_label gform-field-label\" for=\"input_4_6\">Votre demande(N\u00e9cessaire)<\/label><textarea id=\"input_4_6\" class=\"textarea large\" cols=\"50\" name=\"input_6\" rows=\"10\"><\/textarea><label class=\"gfield_label gform-field-label\" for=\"input_4_5\">Fichier<\/label>Taille max. des fichiers\u00a0: 512 MB.<label class=\"gfield_label gform-field-label\" for=\"input_4_8\">CAPTCHA<\/label><\/p>\r\n<fieldset id=\"field_4_7\" data-js-reload=\"field_4_7\"><legend class=\"gfield_label gform-field-label gfield_label_before_complex\">RGPD<\/legend> <label for=\"input_4_7_1\">J&#8217;accepte la politique de confidentialit\u00e9.<\/label><\/fieldset>","protected":false},"excerpt":{"rendered":"<p>Pi\u00e8ces d\u00e9tach\u00e9es Nom(N\u00e9cessaire) Pr\u00e9nom Nom E-mail(N\u00e9cessaire) T\u00e9l\u00e9phone(N\u00e9cessaire)Votre num\u00e9ro de commande &#8211; Facture &#8211; Devis Votre demande(N\u00e9cessaire)FichierTaille max. des fichiers\u00a0: 512 MB.CAPTCHA RGPD J&#8217;accepte la politique de confidentialit\u00e9.<\/p>\n","protected":false},"author":7,"featured_media":0,"parent":5021,"menu_order":0,"comment_status":"closed","ping_status":"closed","template":"","meta":{"_acf_changed":false,"footnotes":""},"class_list":["post-5026","page","type-page","status-publish","hentry"],"acf":[],"yoast_head":"<!-- This site is optimized with the Yoast SEO plugin v27.3 - https:\/\/yoast.com\/product\/yoast-seo-wordpress\/ -->\n<title>Formular f\u00fcr Ersatzteile - Libner<\/title>\n<meta name=\"robots\" content=\"index, follow, max-snippet:-1, max-image-preview:large, max-video-preview:-1\" \/>\n<link rel=\"canonical\" href=\"https:\/\/libner.fr\/de\/service\/ersatzteile\/formular-fuer-ersatzteile\/\" \/>\n<meta property=\"og:locale\" content=\"de_DE\" \/>\n<meta property=\"og:type\" content=\"article\" \/>\n<meta property=\"og:title\" content=\"Formular f\u00fcr Ersatzteile - Libner\" \/>\n<meta property=\"og:description\" content=\"Pi\u00e8ces d\u00e9tach\u00e9es Nom(N\u00e9cessaire) Pr\u00e9nom Nom E-mail(N\u00e9cessaire) T\u00e9l\u00e9phone(N\u00e9cessaire)Votre num\u00e9ro de commande &#8211; Facture &#8211; Devis Votre demande(N\u00e9cessaire)FichierTaille max. des fichiers\u00a0: 512 MB.CAPTCHA RGPD J&#8217;accepte la politique de confidentialit\u00e9.\" \/>\n<meta property=\"og:url\" content=\"https:\/\/libner.fr\/de\/service\/ersatzteile\/formular-fuer-ersatzteile\/\" \/>\n<meta property=\"og:site_name\" content=\"Libner\" \/>\n<meta property=\"article:modified_time\" content=\"2025-03-18T13:27:41+00:00\" \/>\n<meta name=\"twitter:card\" content=\"summary_large_image\" \/>\n<meta name=\"twitter:label1\" content=\"Gesch\u00e4tzte Lesezeit\" \/>\n\t<meta name=\"twitter:data1\" content=\"3\u00a0Minuten\" \/>\n<script type=\"application\/ld+json\" class=\"yoast-schema-graph\">{\"@context\":\"https:\\\/\\\/schema.org\",\"@graph\":[{\"@type\":\"WebPage\",\"@id\":\"https:\\\/\\\/libner.fr\\\/de\\\/service\\\/ersatzteile\\\/formular-fuer-ersatzteile\\\/\",\"url\":\"https:\\\/\\\/libner.fr\\\/de\\\/service\\\/ersatzteile\\\/formular-fuer-ersatzteile\\\/\",\"name\":\"Formular f\u00fcr Ersatzteile - Libner\",\"isPartOf\":{\"@id\":\"https:\\\/\\\/libner.fr\\\/#website\"},\"datePublished\":\"2021-09-02T07:52:29+00:00\",\"dateModified\":\"2025-03-18T13:27:41+00:00\",\"breadcrumb\":{\"@id\":\"https:\\\/\\\/libner.fr\\\/de\\\/service\\\/ersatzteile\\\/formular-fuer-ersatzteile\\\/#breadcrumb\"},\"inLanguage\":\"de\",\"potentialAction\":[{\"@type\":\"ReadAction\",\"target\":[\"https:\\\/\\\/libner.fr\\\/de\\\/service\\\/ersatzteile\\\/formular-fuer-ersatzteile\\\/\"]}]},{\"@type\":\"BreadcrumbList\",\"@id\":\"https:\\\/\\\/libner.fr\\\/de\\\/service\\\/ersatzteile\\\/formular-fuer-ersatzteile\\\/#breadcrumb\",\"itemListElement\":[{\"@type\":\"ListItem\",\"position\":1,\"name\":\"Startseite\",\"item\":\"https:\\\/\\\/libner.fr\\\/de\\\/\"},{\"@type\":\"ListItem\",\"position\":2,\"name\":\"Service\",\"item\":\"https:\\\/\\\/libner.fr\\\/de\\\/service\\\/\"},{\"@type\":\"ListItem\",\"position\":3,\"name\":\"Ersatzteile\",\"item\":\"https:\\\/\\\/libner.fr\\\/de\\\/service\\\/ersatzteile\\\/\"},{\"@type\":\"ListItem\",\"position\":4,\"name\":\"Formular f\u00fcr Ersatzteile\"}]},{\"@type\":\"WebSite\",\"@id\":\"https:\\\/\\\/libner.fr\\\/#website\",\"url\":\"https:\\\/\\\/libner.fr\\\/\",\"name\":\"Libner\",\"description\":\"Franz\u00f6sischer Karosseriebauer\",\"potentialAction\":[{\"@type\":\"SearchAction\",\"target\":{\"@type\":\"EntryPoint\",\"urlTemplate\":\"https:\\\/\\\/libner.fr\\\/?s={search_term_string}\"},\"query-input\":{\"@type\":\"PropertyValueSpecification\",\"valueRequired\":true,\"valueName\":\"search_term_string\"}}],\"inLanguage\":\"de\"}]}<\/script>\n<!-- \/ Yoast SEO plugin. -->","yoast_head_json":{"title":"Formular f\u00fcr Ersatzteile - Libner","robots":{"index":"index","follow":"follow","max-snippet":"max-snippet:-1","max-image-preview":"max-image-preview:large","max-video-preview":"max-video-preview:-1"},"canonical":"https:\/\/libner.fr\/de\/service\/ersatzteile\/formular-fuer-ersatzteile\/","og_locale":"de_DE","og_type":"article","og_title":"Formular f\u00fcr Ersatzteile - Libner","og_description":"Pi\u00e8ces d\u00e9tach\u00e9es Nom(N\u00e9cessaire) Pr\u00e9nom Nom E-mail(N\u00e9cessaire) T\u00e9l\u00e9phone(N\u00e9cessaire)Votre num\u00e9ro de commande &#8211; Facture &#8211; Devis Votre demande(N\u00e9cessaire)FichierTaille max. des fichiers\u00a0: 512 MB.CAPTCHA RGPD J&#8217;accepte la politique de confidentialit\u00e9.","og_url":"https:\/\/libner.fr\/de\/service\/ersatzteile\/formular-fuer-ersatzteile\/","og_site_name":"Libner","article_modified_time":"2025-03-18T13:27:41+00:00","twitter_card":"summary_large_image","twitter_misc":{"Gesch\u00e4tzte Lesezeit":"3\u00a0Minuten"},"schema":{"@context":"https:\/\/schema.org","@graph":[{"@type":"WebPage","@id":"https:\/\/libner.fr\/de\/service\/ersatzteile\/formular-fuer-ersatzteile\/","url":"https:\/\/libner.fr\/de\/service\/ersatzteile\/formular-fuer-ersatzteile\/","name":"Formular f\u00fcr Ersatzteile - Libner","isPartOf":{"@id":"https:\/\/libner.fr\/#website"},"datePublished":"2021-09-02T07:52:29+00:00","dateModified":"2025-03-18T13:27:41+00:00","breadcrumb":{"@id":"https:\/\/libner.fr\/de\/service\/ersatzteile\/formular-fuer-ersatzteile\/#breadcrumb"},"inLanguage":"de","potentialAction":[{"@type":"ReadAction","target":["https:\/\/libner.fr\/de\/service\/ersatzteile\/formular-fuer-ersatzteile\/"]}]},{"@type":"BreadcrumbList","@id":"https:\/\/libner.fr\/de\/service\/ersatzteile\/formular-fuer-ersatzteile\/#breadcrumb","itemListElement":[{"@type":"ListItem","position":1,"name":"Startseite","item":"https:\/\/libner.fr\/de\/"},{"@type":"ListItem","position":2,"name":"Service","item":"https:\/\/libner.fr\/de\/service\/"},{"@type":"ListItem","position":3,"name":"Ersatzteile","item":"https:\/\/libner.fr\/de\/service\/ersatzteile\/"},{"@type":"ListItem","position":4,"name":"Formular f\u00fcr Ersatzteile"}]},{"@type":"WebSite","@id":"https:\/\/libner.fr\/#website","url":"https:\/\/libner.fr\/","name":"Libner","description":"Franz\u00f6sischer Karosseriebauer","potentialAction":[{"@type":"SearchAction","target":{"@type":"EntryPoint","urlTemplate":"https:\/\/libner.fr\/?s={search_term_string}"},"query-input":{"@type":"PropertyValueSpecification","valueRequired":true,"valueName":"search_term_string"}}],"inLanguage":"de"}]}},"_links":{"self":[{"href":"https:\/\/libner.fr\/de\/wp-json\/wp\/v2\/pages\/5026","targetHints":{"allow":["GET"]}}],"collection":[{"href":"https:\/\/libner.fr\/de\/wp-json\/wp\/v2\/pages"}],"about":[{"href":"https:\/\/libner.fr\/de\/wp-json\/wp\/v2\/types\/page"}],"author":[{"embeddable":true,"href":"https:\/\/libner.fr\/de\/wp-json\/wp\/v2\/users\/7"}],"replies":[{"embeddable":true,"href":"https:\/\/libner.fr\/de\/wp-json\/wp\/v2\/comments?post=5026"}],"version-history":[{"count":1,"href":"https:\/\/libner.fr\/de\/wp-json\/wp\/v2\/pages\/5026\/revisions"}],"predecessor-version":[{"id":5027,"href":"https:\/\/libner.fr\/de\/wp-json\/wp\/v2\/pages\/5026\/revisions\/5027"}],"up":[{"embeddable":true,"href":"https:\/\/libner.fr\/de\/wp-json\/wp\/v2\/pages\/5021"}],"wp:attachment":[{"href":"https:\/\/libner.fr\/de\/wp-json\/wp\/v2\/media?parent=5026"}],"curies":[{"name":"wp","href":"https:\/\/api.w.org\/{rel}","templated":true}]}}