{"id":5021,"date":"2024-04-08T08:26:23","date_gmt":"2024-04-08T07:26:23","guid":{"rendered":"https:\/\/libner.fr\/services\/pieces-detachees\/"},"modified":"2025-03-24T07:54:19","modified_gmt":"2025-03-24T06:54:19","slug":"ersatzteile","status":"publish","type":"page","link":"https:\/\/libner.fr\/de\/service\/ersatzteile\/","title":{"rendered":"Ersatzteile"},"content":{"rendered":"\n\n\t\t\t\t<img loading=\"lazy\" decoding=\"async\" src=\"https:\/\/libner.fr\/wp-content\/uploads\/2024\/05\/IMG_2589-scaled.jpg\" alt=\"PIECES D\u00c9TACH\u00c9ES\" itemprop=\"image\" height=\"1536\" width=\"2048\" title=\"IMG_2589\" onerror=\"this.style.display='none'\"  \/>\n\t<h2>LIBNER-ERSATZTEILE NACH MASS\u00a0<\/h2>\n<p>Ihre Zufriedenheit hat bei uns obersten Stellenwert.<\/p>\n<p>Deshalb sind alle Teile und Elemente der Libner-Aufbauten 1 Jahr lang garantiert.<\/p>\n<p>Nat\u00fcrlich k\u00f6nnen Sie alle Komponenten Ihres Libner-Aufbaus bei unserem Ersatzteil-Service nachbestellen. Von der kleinsten Schraube \u00fcber Teilaufbau-Elemente bis hin zum kompletten Aufbau-Modul &#8211; wenden Sie sich an uns.<\/p>\n<p>Unser Service bietet Ihnen auch die M\u00f6glichkeit, ma\u00dfgeschneiderte Teile entsprechend Ihrer Vorgaben anzufertigen.<\/p>\n<p>Kontaktieren Sie uns einfach \u00fcber das untenstehende Kontaktformular (auf Deutsch) oder telefonisch unter 00 33 (0) 5 49 05 78 78 (wenn die antwortende Person kein Deutsch spricht, versuchen Sie es bitte mit Franz\u00f6sisch oder Englisch).<\/p>\n<p><strong>Z\u00f6gern Sie nicht, uns direkt \u00fcber das untenstehende Kontaktformular zu kontaktieren.<\/strong><\/p>\n\t\t\t<a href=\"https:\/\/libner.fr\/de\/kontaktieren-sie-uns\/\" target=\"_self\">\n\t\t\t\t\t\t\tKontaktieren Sie uns \n\t\t\t<\/a>\n\n","protected":false},"excerpt":{"rendered":"<p>LIBNER-ERSATZTEILE NACH MASS\u00a0 Ihre Zufriedenheit hat bei uns obersten Stellenwert. Deshalb sind alle Teile und Elemente der Libner-Aufbauten 1 Jahr lang garantiert. Nat\u00fcrlich k\u00f6nnen Sie alle Komponenten Ihres Libner-Aufbaus bei unserem Ersatzteil-Service nachbestellen. Von der kleinsten Schraube \u00fcber Teilaufbau-Elemente bis hin zum kompletten Aufbau-Modul &#8211; wenden Sie sich an uns. Unser Service bietet Ihnen auch [&hellip;]<\/p>\n","protected":false},"author":7,"featured_media":0,"parent":4705,"menu_order":0,"comment_status":"closed","ping_status":"closed","template":"","meta":{"_acf_changed":false,"footnotes":""},"class_list":["post-5021","page","type-page","status-publish","hentry"],"acf":[],"yoast_head":"<!-- This site is optimized with the Yoast SEO plugin v27.3 - https:\/\/yoast.com\/product\/yoast-seo-wordpress\/ -->\n<title>Ersatzteile - Libner<\/title>\n<meta name=\"description\" content=\"Libner bietet einen Service f\u00fcr ma\u00dfgeschneiderte Ersatzteile an, sei es ein Standardlager oder ein individuell angefertigtes Teil.\" \/>\n<meta name=\"robots\" content=\"index, follow, max-snippet:-1, max-image-preview:large, max-video-preview:-1\" \/>\n<link rel=\"canonical\" href=\"https:\/\/libner.fr\/de\/service\/ersatzteile\/\" \/>\n<meta property=\"og:locale\" content=\"de_DE\" \/>\n<meta property=\"og:type\" content=\"article\" \/>\n<meta property=\"og:title\" content=\"Ersatzteile - Libner\" \/>\n<meta property=\"og:description\" content=\"Libner bietet einen Service f\u00fcr ma\u00dfgeschneiderte Ersatzteile an, sei es ein Standardlager oder ein individuell angefertigtes Teil.\" \/>\n<meta property=\"og:url\" content=\"https:\/\/libner.fr\/de\/service\/ersatzteile\/\" \/>\n<meta property=\"og:site_name\" content=\"Libner\" \/>\n<meta property=\"article:modified_time\" content=\"2025-03-24T06:54:19+00:00\" \/>\n<meta property=\"og:image\" content=\"https:\/\/libner.fr\/wp-content\/uploads\/2024\/05\/IMG_2589-scaled.jpg\" \/>\n<meta name=\"twitter:card\" content=\"summary_large_image\" \/>\n<meta name=\"twitter:label1\" content=\"Gesch\u00e4tzte Lesezeit\" \/>\n\t<meta name=\"twitter:data1\" content=\"1\u00a0Minute\" \/>\n<script type=\"application\/ld+json\" class=\"yoast-schema-graph\">{\"@context\":\"https:\\\/\\\/schema.org\",\"@graph\":[{\"@type\":\"WebPage\",\"@id\":\"https:\\\/\\\/libner.fr\\\/de\\\/service\\\/ersatzteile\\\/\",\"url\":\"https:\\\/\\\/libner.fr\\\/de\\\/service\\\/ersatzteile\\\/\",\"name\":\"Ersatzteile - Libner\",\"isPartOf\":{\"@id\":\"https:\\\/\\\/libner.fr\\\/#website\"},\"primaryImageOfPage\":{\"@id\":\"https:\\\/\\\/libner.fr\\\/de\\\/service\\\/ersatzteile\\\/#primaryimage\"},\"image\":{\"@id\":\"https:\\\/\\\/libner.fr\\\/de\\\/service\\\/ersatzteile\\\/#primaryimage\"},\"thumbnailUrl\":\"https:\\\/\\\/libner.fr\\\/wp-content\\\/uploads\\\/2024\\\/05\\\/IMG_2589-scaled.jpg\",\"datePublished\":\"2024-04-08T07:26:23+00:00\",\"dateModified\":\"2025-03-24T06:54:19+00:00\",\"description\":\"Libner bietet einen Service f\u00fcr ma\u00dfgeschneiderte Ersatzteile an, sei es ein Standardlager oder ein individuell angefertigtes Teil.\",\"breadcrumb\":{\"@id\":\"https:\\\/\\\/libner.fr\\\/de\\\/service\\\/ersatzteile\\\/#breadcrumb\"},\"inLanguage\":\"de\",\"potentialAction\":[{\"@type\":\"ReadAction\",\"target\":[\"https:\\\/\\\/libner.fr\\\/de\\\/service\\\/ersatzteile\\\/\"]}]},{\"@type\":\"ImageObject\",\"inLanguage\":\"de\",\"@id\":\"https:\\\/\\\/libner.fr\\\/de\\\/service\\\/ersatzteile\\\/#primaryimage\",\"url\":\"https:\\\/\\\/libner.fr\\\/wp-content\\\/uploads\\\/2024\\\/05\\\/IMG_2589-scaled.jpg\",\"contentUrl\":\"https:\\\/\\\/libner.fr\\\/wp-content\\\/uploads\\\/2024\\\/05\\\/IMG_2589-scaled.jpg\"},{\"@type\":\"BreadcrumbList\",\"@id\":\"https:\\\/\\\/libner.fr\\\/de\\\/service\\\/ersatzteile\\\/#breadcrumb\",\"itemListElement\":[{\"@type\":\"ListItem\",\"position\":1,\"name\":\"Startseite\",\"item\":\"https:\\\/\\\/libner.fr\\\/de\\\/\"},{\"@type\":\"ListItem\",\"position\":2,\"name\":\"Service\",\"item\":\"https:\\\/\\\/libner.fr\\\/de\\\/service\\\/\"},{\"@type\":\"ListItem\",\"position\":3,\"name\":\"Ersatzteile\"}]},{\"@type\":\"WebSite\",\"@id\":\"https:\\\/\\\/libner.fr\\\/#website\",\"url\":\"https:\\\/\\\/libner.fr\\\/\",\"name\":\"Libner\",\"description\":\"Franz\u00f6sischer Karosseriebauer\",\"potentialAction\":[{\"@type\":\"SearchAction\",\"target\":{\"@type\":\"EntryPoint\",\"urlTemplate\":\"https:\\\/\\\/libner.fr\\\/?s={search_term_string}\"},\"query-input\":{\"@type\":\"PropertyValueSpecification\",\"valueRequired\":true,\"valueName\":\"search_term_string\"}}],\"inLanguage\":\"de\"}]}<\/script>\n<!-- \/ Yoast SEO plugin. -->","yoast_head_json":{"title":"Ersatzteile - Libner","description":"Libner bietet einen Service f\u00fcr ma\u00dfgeschneiderte Ersatzteile an, sei es ein Standardlager oder ein individuell angefertigtes Teil.","robots":{"index":"index","follow":"follow","max-snippet":"max-snippet:-1","max-image-preview":"max-image-preview:large","max-video-preview":"max-video-preview:-1"},"canonical":"https:\/\/libner.fr\/de\/service\/ersatzteile\/","og_locale":"de_DE","og_type":"article","og_title":"Ersatzteile - Libner","og_description":"Libner bietet einen Service f\u00fcr ma\u00dfgeschneiderte Ersatzteile an, sei es ein Standardlager oder ein individuell angefertigtes Teil.","og_url":"https:\/\/libner.fr\/de\/service\/ersatzteile\/","og_site_name":"Libner","article_modified_time":"2025-03-24T06:54:19+00:00","og_image":[{"url":"https:\/\/libner.fr\/wp-content\/uploads\/2024\/05\/IMG_2589-scaled.jpg","type":"","width":"","height":""}],"twitter_card":"summary_large_image","twitter_misc":{"Gesch\u00e4tzte Lesezeit":"1\u00a0Minute"},"schema":{"@context":"https:\/\/schema.org","@graph":[{"@type":"WebPage","@id":"https:\/\/libner.fr\/de\/service\/ersatzteile\/","url":"https:\/\/libner.fr\/de\/service\/ersatzteile\/","name":"Ersatzteile - Libner","isPartOf":{"@id":"https:\/\/libner.fr\/#website"},"primaryImageOfPage":{"@id":"https:\/\/libner.fr\/de\/service\/ersatzteile\/#primaryimage"},"image":{"@id":"https:\/\/libner.fr\/de\/service\/ersatzteile\/#primaryimage"},"thumbnailUrl":"https:\/\/libner.fr\/wp-content\/uploads\/2024\/05\/IMG_2589-scaled.jpg","datePublished":"2024-04-08T07:26:23+00:00","dateModified":"2025-03-24T06:54:19+00:00","description":"Libner bietet einen Service f\u00fcr ma\u00dfgeschneiderte Ersatzteile an, sei es ein Standardlager oder ein individuell angefertigtes Teil.","breadcrumb":{"@id":"https:\/\/libner.fr\/de\/service\/ersatzteile\/#breadcrumb"},"inLanguage":"de","potentialAction":[{"@type":"ReadAction","target":["https:\/\/libner.fr\/de\/service\/ersatzteile\/"]}]},{"@type":"ImageObject","inLanguage":"de","@id":"https:\/\/libner.fr\/de\/service\/ersatzteile\/#primaryimage","url":"https:\/\/libner.fr\/wp-content\/uploads\/2024\/05\/IMG_2589-scaled.jpg","contentUrl":"https:\/\/libner.fr\/wp-content\/uploads\/2024\/05\/IMG_2589-scaled.jpg"},{"@type":"BreadcrumbList","@id":"https:\/\/libner.fr\/de\/service\/ersatzteile\/#breadcrumb","itemListElement":[{"@type":"ListItem","position":1,"name":"Startseite","item":"https:\/\/libner.fr\/de\/"},{"@type":"ListItem","position":2,"name":"Service","item":"https:\/\/libner.fr\/de\/service\/"},{"@type":"ListItem","position":3,"name":"Ersatzteile"}]},{"@type":"WebSite","@id":"https:\/\/libner.fr\/#website","url":"https:\/\/libner.fr\/","name":"Libner","description":"Franz\u00f6sischer Karosseriebauer","potentialAction":[{"@type":"SearchAction","target":{"@type":"EntryPoint","urlTemplate":"https:\/\/libner.fr\/?s={search_term_string}"},"query-input":{"@type":"PropertyValueSpecification","valueRequired":true,"valueName":"search_term_string"}}],"inLanguage":"de"}]}},"_links":{"self":[{"href":"https:\/\/libner.fr\/de\/wp-json\/wp\/v2\/pages\/5021","targetHints":{"allow":["GET"]}}],"collection":[{"href":"https:\/\/libner.fr\/de\/wp-json\/wp\/v2\/pages"}],"about":[{"href":"https:\/\/libner.fr\/de\/wp-json\/wp\/v2\/types\/page"}],"author":[{"embeddable":true,"href":"https:\/\/libner.fr\/de\/wp-json\/wp\/v2\/users\/7"}],"replies":[{"embeddable":true,"href":"https:\/\/libner.fr\/de\/wp-json\/wp\/v2\/comments?post=5021"}],"version-history":[{"count":7,"href":"https:\/\/libner.fr\/de\/wp-json\/wp\/v2\/pages\/5021\/revisions"}],"predecessor-version":[{"id":5186,"href":"https:\/\/libner.fr\/de\/wp-json\/wp\/v2\/pages\/5021\/revisions\/5186"}],"up":[{"embeddable":true,"href":"https:\/\/libner.fr\/de\/wp-json\/wp\/v2\/pages\/4705"}],"wp:attachment":[{"href":"https:\/\/libner.fr\/de\/wp-json\/wp\/v2\/media?parent=5021"}],"curies":[{"name":"wp","href":"https:\/\/api.w.org\/{rel}","templated":true}]}}