{"id":5016,"date":"2021-07-19T15:57:32","date_gmt":"2021-07-19T13:57:32","guid":{"rendered":"https:\/\/libner.fr\/services\/reparation\/"},"modified":"2025-03-20T13:31:39","modified_gmt":"2025-03-20T12:31:39","slug":"reparatur-service","status":"publish","type":"page","link":"https:\/\/libner.fr\/de\/service\/reparatur-service\/","title":{"rendered":"Reparatur-service"},"content":{"rendered":"\r\n\r\n\t<h2><strong>REPARATURARBEITEN AN NUTZFAHRZEUG-AUFBAUTEN &#8211; WIR SIND IHRE EXPERTEN<\/strong><\/h2>\r\n<p>Bei Libner verstehen wir, dass Sie Ihr Fahrzeug in einwandfreiem Betriebszustand erhalten wollen. Deshalb bieten wir Ihnen spezialisierte und fachkompetente Reparaturdienste, sei es eine routinem\u00e4\u00dfige Wartung oder die Ausf\u00fchrung von komplexen Reparatur-Arbeiten.<\/p>\r\n\t\t\t\t<img loading=\"lazy\" decoding=\"async\" src=\"https:\/\/libner.fr\/wp-content\/uploads\/2024\/05\/063\u00a9O.GOMBERT.jpg\" alt=\"063\u00a9O.GOMBERT\" itemprop=\"image\" height=\"566\" width=\"850\" title=\"063\u00a9O.GOMBERT\" onerror=\"this.style.display='none'\"  \/>\r\n\t<p>Unsere Reparaturdienste:<\/p>\r\n<ul>\r\n<li><strong>Ersatzteil-Montage:<\/strong> Wir verwenden hochwertige Ersatzteile, um abgenutzte oder besch\u00e4digte Teile zu ersetzen und gew\u00e4hrleisten so die Langlebigkeit und Zuverl\u00e4ssigkeit Ihres Fahrzeugs.<\/li>\r\n<li><strong>Komplette Aufbau-Reparatur:<\/strong> Unsere qualifizierten Techniker sind in der Lage, Aufbau-Reparaturen jeglicher Art durchzuf\u00fchren, von der Behebung kleiner Sch\u00e4den bis hin zur vollst\u00e4ndigen Wiederherstellung nach einem Unfall.<\/li>\r\n<\/ul>\r\n\t<h2><strong>Um mehr \u00fcber unsere Serviceleistungen zu erfahren oder eine Reparatur zu planen, kontaktieren Sie uns noch heute \u00fcber unser Online-Formular (auf Deutsch) oder telefonisch unter 05 49 05 78 78 (sollte die antwortende Person kein Deutsch sprechen, versuchen Sie es bitte mit Franz\u00f6sisch oder Englisch).<\/strong><\/h2>\r\n\r\n","protected":false},"excerpt":{"rendered":"<p>REPARATURARBEITEN AN NUTZFAHRZEUG-AUFBAUTEN &#8211; WIR SIND IHRE EXPERTEN Bei Libner verstehen wir, dass Sie Ihr Fahrzeug in einwandfreiem Betriebszustand erhalten wollen. Deshalb bieten wir Ihnen spezialisierte und fachkompetente Reparaturdienste, sei es eine routinem\u00e4\u00dfige Wartung oder die Ausf\u00fchrung von komplexen Reparatur-Arbeiten. Unsere Reparaturdienste: Ersatzteil-Montage: Wir verwenden hochwertige Ersatzteile, um abgenutzte oder besch\u00e4digte Teile zu ersetzen und [&hellip;]<\/p>\n","protected":false},"author":1,"featured_media":0,"parent":4705,"menu_order":0,"comment_status":"closed","ping_status":"closed","template":"","meta":{"_acf_changed":false,"footnotes":""},"class_list":["post-5016","page","type-page","status-publish","hentry"],"acf":[],"yoast_head":"<!-- This site is optimized with the Yoast SEO plugin v27.3 - https:\/\/yoast.com\/product\/yoast-seo-wordpress\/ -->\n<title>Reparatur-service - Libner<\/title>\n<meta name=\"description\" content=\"Wir bieten einen Reparaturservice f\u00fcr Lkw an, von einfachen Teilewechseln bis hin zum vollst\u00e4ndigen Austausch der Karosserie.\" \/>\n<meta name=\"robots\" content=\"index, follow, max-snippet:-1, max-image-preview:large, max-video-preview:-1\" \/>\n<link rel=\"canonical\" href=\"https:\/\/libner.fr\/de\/service\/reparatur-service\/\" \/>\n<meta property=\"og:locale\" content=\"de_DE\" \/>\n<meta property=\"og:type\" content=\"article\" \/>\n<meta property=\"og:title\" content=\"Reparatur-service - Libner\" \/>\n<meta property=\"og:description\" content=\"Wir bieten einen Reparaturservice f\u00fcr Lkw an, von einfachen Teilewechseln bis hin zum vollst\u00e4ndigen Austausch der Karosserie.\" \/>\n<meta property=\"og:url\" content=\"https:\/\/libner.fr\/de\/service\/reparatur-service\/\" \/>\n<meta property=\"og:site_name\" content=\"Libner\" \/>\n<meta property=\"article:modified_time\" content=\"2025-03-20T12:31:39+00:00\" \/>\n<meta name=\"twitter:card\" content=\"summary_large_image\" \/>\n<meta name=\"twitter:label1\" content=\"Gesch\u00e4tzte Lesezeit\" \/>\n\t<meta name=\"twitter:data1\" content=\"1\u00a0Minute\" \/>\n<script type=\"application\/ld+json\" class=\"yoast-schema-graph\">{\"@context\":\"https:\\\/\\\/schema.org\",\"@graph\":[{\"@type\":\"WebPage\",\"@id\":\"https:\\\/\\\/libner.fr\\\/de\\\/service\\\/reparatur-service\\\/\",\"url\":\"https:\\\/\\\/libner.fr\\\/de\\\/service\\\/reparatur-service\\\/\",\"name\":\"Reparatur-service - Libner\",\"isPartOf\":{\"@id\":\"https:\\\/\\\/libner.fr\\\/#website\"},\"datePublished\":\"2021-07-19T13:57:32+00:00\",\"dateModified\":\"2025-03-20T12:31:39+00:00\",\"description\":\"Wir bieten einen Reparaturservice f\u00fcr Lkw an, von einfachen Teilewechseln bis hin zum vollst\u00e4ndigen Austausch der Karosserie.\",\"breadcrumb\":{\"@id\":\"https:\\\/\\\/libner.fr\\\/de\\\/service\\\/reparatur-service\\\/#breadcrumb\"},\"inLanguage\":\"de\",\"potentialAction\":[{\"@type\":\"ReadAction\",\"target\":[\"https:\\\/\\\/libner.fr\\\/de\\\/service\\\/reparatur-service\\\/\"]}]},{\"@type\":\"BreadcrumbList\",\"@id\":\"https:\\\/\\\/libner.fr\\\/de\\\/service\\\/reparatur-service\\\/#breadcrumb\",\"itemListElement\":[{\"@type\":\"ListItem\",\"position\":1,\"name\":\"Startseite\",\"item\":\"https:\\\/\\\/libner.fr\\\/de\\\/\"},{\"@type\":\"ListItem\",\"position\":2,\"name\":\"Service\",\"item\":\"https:\\\/\\\/libner.fr\\\/de\\\/service\\\/\"},{\"@type\":\"ListItem\",\"position\":3,\"name\":\"Reparatur-service\"}]},{\"@type\":\"WebSite\",\"@id\":\"https:\\\/\\\/libner.fr\\\/#website\",\"url\":\"https:\\\/\\\/libner.fr\\\/\",\"name\":\"Libner\",\"description\":\"Franz\u00f6sischer Karosseriebauer\",\"potentialAction\":[{\"@type\":\"SearchAction\",\"target\":{\"@type\":\"EntryPoint\",\"urlTemplate\":\"https:\\\/\\\/libner.fr\\\/?s={search_term_string}\"},\"query-input\":{\"@type\":\"PropertyValueSpecification\",\"valueRequired\":true,\"valueName\":\"search_term_string\"}}],\"inLanguage\":\"de\"}]}<\/script>\n<!-- \/ Yoast SEO plugin. -->","yoast_head_json":{"title":"Reparatur-service - Libner","description":"Wir bieten einen Reparaturservice f\u00fcr Lkw an, von einfachen Teilewechseln bis hin zum vollst\u00e4ndigen Austausch der Karosserie.","robots":{"index":"index","follow":"follow","max-snippet":"max-snippet:-1","max-image-preview":"max-image-preview:large","max-video-preview":"max-video-preview:-1"},"canonical":"https:\/\/libner.fr\/de\/service\/reparatur-service\/","og_locale":"de_DE","og_type":"article","og_title":"Reparatur-service - Libner","og_description":"Wir bieten einen Reparaturservice f\u00fcr Lkw an, von einfachen Teilewechseln bis hin zum vollst\u00e4ndigen Austausch der Karosserie.","og_url":"https:\/\/libner.fr\/de\/service\/reparatur-service\/","og_site_name":"Libner","article_modified_time":"2025-03-20T12:31:39+00:00","twitter_card":"summary_large_image","twitter_misc":{"Gesch\u00e4tzte Lesezeit":"1\u00a0Minute"},"schema":{"@context":"https:\/\/schema.org","@graph":[{"@type":"WebPage","@id":"https:\/\/libner.fr\/de\/service\/reparatur-service\/","url":"https:\/\/libner.fr\/de\/service\/reparatur-service\/","name":"Reparatur-service - Libner","isPartOf":{"@id":"https:\/\/libner.fr\/#website"},"datePublished":"2021-07-19T13:57:32+00:00","dateModified":"2025-03-20T12:31:39+00:00","description":"Wir bieten einen Reparaturservice f\u00fcr Lkw an, von einfachen Teilewechseln bis hin zum vollst\u00e4ndigen Austausch der Karosserie.","breadcrumb":{"@id":"https:\/\/libner.fr\/de\/service\/reparatur-service\/#breadcrumb"},"inLanguage":"de","potentialAction":[{"@type":"ReadAction","target":["https:\/\/libner.fr\/de\/service\/reparatur-service\/"]}]},{"@type":"BreadcrumbList","@id":"https:\/\/libner.fr\/de\/service\/reparatur-service\/#breadcrumb","itemListElement":[{"@type":"ListItem","position":1,"name":"Startseite","item":"https:\/\/libner.fr\/de\/"},{"@type":"ListItem","position":2,"name":"Service","item":"https:\/\/libner.fr\/de\/service\/"},{"@type":"ListItem","position":3,"name":"Reparatur-service"}]},{"@type":"WebSite","@id":"https:\/\/libner.fr\/#website","url":"https:\/\/libner.fr\/","name":"Libner","description":"Franz\u00f6sischer Karosseriebauer","potentialAction":[{"@type":"SearchAction","target":{"@type":"EntryPoint","urlTemplate":"https:\/\/libner.fr\/?s={search_term_string}"},"query-input":{"@type":"PropertyValueSpecification","valueRequired":true,"valueName":"search_term_string"}}],"inLanguage":"de"}]}},"_links":{"self":[{"href":"https:\/\/libner.fr\/de\/wp-json\/wp\/v2\/pages\/5016","targetHints":{"allow":["GET"]}}],"collection":[{"href":"https:\/\/libner.fr\/de\/wp-json\/wp\/v2\/pages"}],"about":[{"href":"https:\/\/libner.fr\/de\/wp-json\/wp\/v2\/types\/page"}],"author":[{"embeddable":true,"href":"https:\/\/libner.fr\/de\/wp-json\/wp\/v2\/users\/1"}],"replies":[{"embeddable":true,"href":"https:\/\/libner.fr\/de\/wp-json\/wp\/v2\/comments?post=5016"}],"version-history":[{"count":2,"href":"https:\/\/libner.fr\/de\/wp-json\/wp\/v2\/pages\/5016\/revisions"}],"predecessor-version":[{"id":5020,"href":"https:\/\/libner.fr\/de\/wp-json\/wp\/v2\/pages\/5016\/revisions\/5020"}],"up":[{"embeddable":true,"href":"https:\/\/libner.fr\/de\/wp-json\/wp\/v2\/pages\/4705"}],"wp:attachment":[{"href":"https:\/\/libner.fr\/de\/wp-json\/wp\/v2\/media?parent=5016"}],"curies":[{"name":"wp","href":"https:\/\/api.w.org\/{rel}","templated":true}]}}