{"id":4728,"date":"2016-02-19T15:50:57","date_gmt":"2016-02-19T14:50:57","guid":{"rendered":"https:\/\/libner.fr\/mentions-legales\/"},"modified":"2025-03-21T10:21:35","modified_gmt":"2025-03-21T09:21:35","slug":"mentions-legales","status":"publish","type":"page","link":"https:\/\/libner.fr\/de\/mentions-legales\/","title":{"rendered":"Mentions l\u00e9gales"},"content":{"rendered":"\n\n\t<p>Pr\u00e9sentation du site<\/p>\n<p>Conform\u00e9ment aux dispositions des articles 6-III et 19 de la Loi n\u00b0 2004-575 du 21 juin 2004 pour la Confiance dans l&#8217;\u00e9conomie num\u00e9rique, dite L.C.E.N., nous portons \u00e0 la connaissance des utilisateurs et visiteurs du site www.cyberscope.fr\u00a0les informations suivantes :<\/p>\n<ul>\n<li>Propri\u00e9taire :<\/li>\n<li>Adresse : 6 rue Joseph Libner, 79400 Saint-Maixent-l&#8217;\u00c9cole<\/li>\n<li>T\u00e9l :<\/li>\n<li>Adresse de courrier \u00e9lectronique :<\/li>\n<li>Capital :<\/li>\n<li>N\u00b0 SIRET\u00a0:<\/li>\n<li>N\u00b0 TVA intracommunautaire :<\/li>\n<li>Responsable de la publication :<\/li>\n<li>Conception : <a href=\"http:\/\/www.cyberscope.fr\" target=\"_blank\" rel=\"noopener\">Cyberscope<\/a><\/li>\n<li>H\u00e9bergement\u00a0:\u00a0<a href=\"http:\/\/www.datacampus.fr\/\" target=\"_blank\" rel=\"noopener\">Datacampus\u00a0<\/a>27 avenue Ren\u00e9 Cassin &#8211; 86360 Chasseneuil Futuroscope<\/li>\n<\/ul>\n<p>&nbsp;<\/p>\n<p>Conditions g\u00e9n\u00e9rales d&#8217;utilisation du site et des services propos\u00e9s<\/p>\n<p>L&#8217;utilisation du site\u00a0www.cyberscope.fr\u00a0implique l&#8217;acceptation pleine et enti\u00e8re des conditions g\u00e9n\u00e9rales d&#8217;utilisation d\u00e9crites ci-apr\u00e8s. Ces conditions d&#8217;utilisation sont susceptibles d&#8217;\u00eatre modifi\u00e9es ou compl\u00e9t\u00e9es \u00e0 tout moment, sans pr\u00e9avis, aussi les utilisateurs du site\u00a0www.cyberscope.fr\u00a0sont invit\u00e9s \u00e0 les consulter de mani\u00e8re r\u00e9guli\u00e8re. Le site www.cyberscope.frest par principe accessible aux utilisateurs 24\/24h, 7\/7j, sauf interruption, programm\u00e9e ou non, pour les besoins de sa maintenance ou cas de force majeure. En cas d&#8217;impossibilit\u00e9 d&#8217;acc\u00e8s au service,\u00a0www.cyberscope.fr\u00a0s&#8217;engage \u00e0 faire son maximum afin de r\u00e9tablir l&#8217;acc\u00e8s au service et s&#8217;efforcera alors de communiquer pr\u00e9alablement aux utilisateurs les dates et heures de l&#8217;intervention. N&#8217;\u00e9tant soumis qu&#8217;\u00e0 une obligation de moyen,\u00a0www.cyberscope.fr\u00a0ne saurait \u00eatre tenu pour responsable de tout dommage, quelle qu&#8217;en soit la nature, r\u00e9sultant d&#8217;une indisponibilit\u00e9 du service.\u00a0Le site\u00a0www.cyberscope.fr\u00a0est mis \u00e0 jour r\u00e9guli\u00e8rement par le propri\u00e9taire du site. De la m\u00eame fa\u00e7on, les mentions l\u00e9gales peuvent \u00eatre modifi\u00e9es \u00e0 tout moment, sans pr\u00e9avis et s&#8217;imposent \u00e0 l&#8217;utilisateur sans r\u00e9serve. L&#8217;utilisateur est r\u00e9put\u00e9 les accepter sans r\u00e9serve et s&#8217;y r\u00e9f\u00e9rer r\u00e9guli\u00e8rement pour prendre connaissance des modifications.<\/p>\n<p>Le site\u00a0www.cyberscope.fr\u00a0se r\u00e9serve aussi le droit de c\u00e9der, transf\u00e9rer, ce sans pr\u00e9avis les droits et\/ou obligations des pr\u00e9sentes CGU et mentions l\u00e9gales. En continuant \u00e0 utiliser les Services du site\u00a0www.cyberscope.fr, l&#8217;utilisateur reconna\u00eet accepter les modifications des conditions g\u00e9n\u00e9rales qui seraient intervenues.<\/p>\n<p>&nbsp;<\/p>\n<p>Description des services fournis<\/p>\n<p>Le site www.cyberscope.fr a pour objet de fournir une information concernant l&#8217;ensemble des activit\u00e9s de la soci\u00e9t\u00e9.\u00a0Le propri\u00e9taire du site s&#8217;efforce de fournir sur le site\u00a0www.cyberscope.fr\u00a0des informations aussi pr\u00e9cises que possible. Toutefois, il ne pourra \u00eatre tenue responsable des omissions, des inexactitudes et des carences dans la mise \u00e0 jour, qu&#8217;elles soient de son fait ou du fait des tiers partenaires qui lui fournissent ces informations.\u00a0Tous les informations propos\u00e9es sur le site www.cyberscope.fr sont donn\u00e9es \u00e0 titre indicatif, sont non exhaustives, et sont susceptibles d&#8217;\u00e9voluer. Elles sont donn\u00e9es sous r\u00e9serve de modifications ayant \u00e9t\u00e9 apport\u00e9es depuis leur mise en ligne.<\/p>\n<p>Limites de responsabilit\u00e9<\/p>\n<p>Le site\u00a0www.cyberscope.fr\u00a0utilise la technologie javascript.\u00a0Le site\u00a0www.cyberscope.fr\u00a0ne saurait \u00eatre tenu responsable des erreurs typographiques ou inexactitudes apparaissant sur le service, ou de quelque dommage subi r\u00e9sultant de son utilisation. L&#8217;utilisateur reste responsable de son \u00e9quipement et de son utilisation, de m\u00eame il supporte seul les co\u00fbts directs ou indirects suite \u00e0 sa connexion \u00e0 Internet.\u00a0L&#8217;utilisateur du site\u00a0www.cyberscope.fr\u00a0s&#8217;engage \u00e0 acc\u00e9der \u00e0 celui-ci en utilisant un mat\u00e9riel r\u00e9cent, ne contenant pas de virus et avec un navigateur de derni\u00e8re g\u00e9n\u00e9ration mise \u00e0 jour.\u00a0L&#8217;utilisateur d\u00e9gage la responsabilit\u00e9 de www.cyberscope.fr pour tout pr\u00e9judice qu&#8217;il pourrait subir ou faire subir, directement ou indirectement, du fait des services propos\u00e9s. Seule la responsabilit\u00e9 de l&#8217;utilisateur est engag\u00e9e par l&#8217;utilisation du service propos\u00e9 et celui-ci d\u00e9gage express\u00e9ment le site\u00a0www.cyberscope.fr\u00a0de toute responsabilit\u00e9 vis-\u00e0-vis de tiers.<\/p>\n<p>Le propri\u00e9taire du site se r\u00e9serve la possibilit\u00e9 de mettre en cause la responsabilit\u00e9 civile et\/ou p\u00e9nale de l&#8217;utilisateur, notamment en cas de message \u00e0 caract\u00e8re raciste, injurieux, diffamant, ou pornographique, quel que soit le support utilis\u00e9 (texte, photographie&#8230;).\u00a0Il est ici rappel\u00e9 que les d\u00e9veloppeurs du site\u00a0www.cyberscope.fr\u00a0gardent trace de l&#8217;adresse mail, et de l&#8217;adresse IP de l&#8217;utilisateur. En cons\u00e9quence, il doit \u00eatre conscient qu&#8217;en cas d&#8217;injonction de l&#8217;autorit\u00e9 judiciaire il peut \u00eatre retrouv\u00e9 et poursuivi.<\/p>\n<p>&nbsp;<\/p>\n<p>Propri\u00e9t\u00e9 intellectuelle et contrefa\u00e7ons<\/p>\n<p>Le propri\u00e9taire du site est propri\u00e9taire des droits de propri\u00e9t\u00e9 intellectuelle ou d\u00e9tient les droits d&#8217;usage sur tous les \u00e9l\u00e9ments accessibles sur le site, notamment les textes, images, graphismes, logo, ic\u00f4nes, sons, logiciels&#8230;\u00a0Toute reproduction, repr\u00e9sentation, modification, publication, adaptation totale ou partielle des \u00e9l\u00e9ments du site, quel que soit le moyen ou le proc\u00e9d\u00e9 utilis\u00e9, est interdite, sauf autorisation \u00e9crite pr\u00e9alable \u00e0 l&#8217;email : <a href=\"mailto:wp@cyberscope.fr\">wp@cyberscope.fr<\/a>.\u00a0Toute exploitation non autoris\u00e9e du site ou de l&#8217;un quelconque de ces \u00e9l\u00e9ments qu&#8217;il contient sera consid\u00e9r\u00e9e comme constitutive d&#8217;une contrefa\u00e7on et poursuivie conform\u00e9ment aux dispositions des articles L.335-2 et suivants du Code de Propri\u00e9t\u00e9 Intellectuelle.<\/p>\n<p>&nbsp;<\/p>\n<p>Liens hypertextes et cookies<\/p>\n<p>Le site\u00a0www.cyberscope.fr\u00a0contient un certain nombre de liens hypertextes vers d&#8217;autres sites (partenaires, informations &#8230;) mis en place avec l&#8217;autorisation du propri\u00e9taire du site. Cependant, le propri\u00e9taire du site n&#8217;a pas la possibilit\u00e9 de v\u00e9rifier le contenu des sites ainsi visit\u00e9s et d\u00e9cline donc toute responsabilit\u00e9 de ce fait quand aux risques \u00e9ventuels de contenus illicites.\u00a0L&#8217;utilisateur est inform\u00e9 que lors de ses visites sur le site\u00a0www.cyberscope.fr\u00a0un ou des cookies sont susceptibles de s&#8217;installer automatiquement sur son ordinateur. Un cookie est un fichier de petite taille, qui ne permet pas l&#8217;identification de l&#8217;utilisateur, mais qui enregistre des informations relatives \u00e0 la navigation d&#8217;un ordinateur sur un site. Les donn\u00e9es ainsi obtenues visent \u00e0 faciliter la navigation ult\u00e9rieure sur le site, et ont \u00e9galement vocation \u00e0 permettre diverses mesures de fr\u00e9quentation.<\/p>\n<p>Le param\u00e9trage du logiciel de navigation permet d&#8217;informer de la pr\u00e9sence de cookie et \u00e9ventuellement, de refuser de la mani\u00e8re d\u00e9crite \u00e0 l&#8217;adresse suivante : www.cnil.fr<\/p>\n<p>Le refus d&#8217;installation d&#8217;un cookie peut entra\u00eener l&#8217;impossibilit\u00e9 d&#8217;acc\u00e9der \u00e0 certains services. L&#8217;utilisateur peut toutefois configurer son ordinateur de la mani\u00e8re suivante, pour refuser l&#8217;installation des cookies :<\/p>\n<ul>\n<li>Sous Internet Explorer : onglet outil \/ options internet. Cliquez sur Confidentialit\u00e9 et choisissez Bloquer tous les cookies. Validez sur Ok.<\/li>\n<li>Sous Netscape : onglet \u00e9dition \/ pr\u00e9f\u00e9rences. Cliquez sur Avanc\u00e9es et choisissez D\u00e9sactiver les cookies. Validez sur Ok.<\/li>\n<li>Sous Firefox : onglet outil \/ options \/ vie Priv\u00e9e. Dans la partie Historique, choisissez \u00ab\u00a0utiliser les param\u00e8tres personnalis\u00e9s pour l&#8217;historique\u00a0\u00bb puis d\u00e9cochez \u00ab\u00a0accepter les cookies\u00a0\u00bb. Validez sur OK<\/li>\n<li>Sous Chrome : Menu Google Chrome \/ Param\u00e8tres \/ Afficher les param\u00e8tres avanc\u00e9s en bas de page \/ Cliquer sur \u00a0\u00bb param\u00e8tres de contenue\u00a0\u00bb \/ cocher : Bloquer tous les cookies tiers sans exception. Validez sur Ok<\/li>\n<\/ul>\n<p>&nbsp;<\/p>\n<p>Droit applicable et attribution de juridiction<\/p>\n<p>Tout litige en relation avec l&#8217;utilisation du site\u00a0www.cyberscope.fr\u00a0est soumis au droit fran\u00e7ais. L&#8217;utilisateur ainsi que\u00a0www.cyberscope.fr\u00a0acceptent de se soumettre \u00e0 la comp\u00e9tence exclusive des tribunaux Fran\u00e7ais en cas de litige.<\/p>\n<p>Protection des biens et des personnes &#8211; gestion des donn\u00e9es personnelles<\/p>\nUtilisateur : Internaute se connectant, utilisant le site susnomm\u00e9 :\u00a0www.cyberscope.fr<br \/>\nEn France, les donn\u00e9es personnelles sont notamment prot\u00e9g\u00e9es par la loi n\u00b0 78-87 du 6 janvier 1978, la loi n\u00b0 2004-801 du 6 ao\u00fbt 2004, l&#8217;article L. 226-13 du Code p\u00e9nal et la Directive Europ\u00e9enne du 24 octobre 1995.\n<p>Sur le site\u00a0www.cyberscope.fr\u00a0 le propri\u00e9taire du site ne collecte des informations personnelles relatives \u00e0 l&#8217;utilisateur que pour le besoin de certains services propos\u00e9s par le site www.cyberscope.fr. L&#8217;utilisateur fournit ces informations en toute connaissance de cause, notamment lorsqu&#8217;il proc\u00e8de par lui-m\u00eame \u00e0 leur saisie. Il est alors pr\u00e9cis\u00e9 \u00e0 l&#8217;utilisateur du site www.cyberscope.fr l&#8217;obligation ou non de fournir ces informations.\u00a0Conform\u00e9ment aux dispositions des articles 38 et suivants de la loi 78-17 du 6 janvier 1978 relative \u00e0 l&#8217;informatique, aux fichiers et aux libert\u00e9s, tout utilisateur dispose d&#8217;un droit d&#8217;acc\u00e8s, de rectification, de suppression et d&#8217;opposition aux donn\u00e9es personnelles le concernant. Pour l&#8217;exercer, adressez votre demande \u00e0\u00a0www.cyberscope.fr\u00a0par email : <a href=\"mailto:wp@cyberscope.fr\">wp@cyberscope.fr<\/a> ou en effectuant sa demande \u00e9crite et sign\u00e9e, accompagn\u00e9e d&#8217;une copie du titre d&#8217;identit\u00e9 avec signature du titulaire de la pi\u00e8ce, en pr\u00e9cisant l&#8217;adresse \u00e0 laquelle la r\u00e9ponse doit \u00eatre envoy\u00e9e.<\/p>\n<p>Aucune information personnelle de l&#8217;utilisateur du site\u00a0www.cyberscope.fr\u00a0n&#8217;est publi\u00e9e \u00e0 l&#8217;insu de l&#8217;utilisateur, \u00e9chang\u00e9e, transf\u00e9r\u00e9e, c\u00e9d\u00e9e ou vendue sur un support quelconque \u00e0 des tiers. Seule l&#8217;hypoth\u00e8se du rachat du site\u00a0www.cyberscope.fr\u00a0au propri\u00e9taire du site et de ses droits permettrait la transmission des dites informations \u00e0 l&#8217;\u00e9ventuel acqu\u00e9reur qui serait \u00e0 son tour tenu de la m\u00eame obligation de conservation et de modification des donn\u00e9es vis-\u00e0-vis de l&#8217;utilisateur du site www.cyberscope.fr.<\/p>\n<p>Les bases de donn\u00e9es sont prot\u00e9g\u00e9es par les dispositions de la loi du 1er juillet 1998 transposant la directive 96\/9 du 11 mars 1996 relative \u00e0 la protection juridique des bases de donn\u00e9es.<\/p>\n\n","protected":false},"excerpt":{"rendered":"<p>Pr\u00e9sentation du site Conform\u00e9ment aux dispositions des articles 6-III et 19 de la Loi n\u00b0 2004-575 du 21 juin 2004 pour la Confiance dans l&#8217;\u00e9conomie num\u00e9rique, dite L.C.E.N., nous portons \u00e0 la connaissance des utilisateurs et visiteurs du site www.cyberscope.fr\u00a0les informations suivantes : Propri\u00e9taire : Adresse : 6 rue Joseph Libner, 79400 Saint-Maixent-l&#8217;\u00c9cole T\u00e9l : [&hellip;]<\/p>\n","protected":false},"author":1,"featured_media":0,"parent":0,"menu_order":0,"comment_status":"closed","ping_status":"closed","template":"mentions-legales.php","meta":{"_acf_changed":false,"footnotes":""},"class_list":["post-4728","page","type-page","status-publish","hentry"],"acf":[],"yoast_head":"<!-- This site is optimized with the Yoast SEO plugin v27.5 - https:\/\/yoast.com\/product\/yoast-seo-wordpress\/ -->\n<title>Mentions l\u00e9gales - Libner<\/title>\n<meta name=\"robots\" content=\"index, follow, max-snippet:-1, max-image-preview:large, max-video-preview:-1\" \/>\n<link rel=\"canonical\" href=\"https:\/\/libner.fr\/de\/mentions-legales\/\" \/>\n<meta property=\"og:locale\" content=\"de_DE\" \/>\n<meta property=\"og:type\" content=\"article\" \/>\n<meta property=\"og:title\" content=\"Mentions l\u00e9gales - Libner\" \/>\n<meta property=\"og:description\" content=\"Pr\u00e9sentation du site Conform\u00e9ment aux dispositions des articles 6-III et 19 de la Loi n\u00b0 2004-575 du 21 juin 2004 pour la Confiance dans l&#8217;\u00e9conomie num\u00e9rique, dite L.C.E.N., nous portons \u00e0 la connaissance des utilisateurs et visiteurs du site www.cyberscope.fr\u00a0les informations suivantes : Propri\u00e9taire : Adresse : 6 rue Joseph Libner, 79400 Saint-Maixent-l&#8217;\u00c9cole T\u00e9l : [&hellip;]\" \/>\n<meta property=\"og:url\" content=\"https:\/\/libner.fr\/de\/mentions-legales\/\" \/>\n<meta property=\"og:site_name\" content=\"Libner\" \/>\n<meta property=\"article:modified_time\" content=\"2025-03-21T09:21:35+00:00\" \/>\n<meta name=\"twitter:card\" content=\"summary_large_image\" \/>\n<meta name=\"twitter:label1\" content=\"Gesch\u00e4tzte Lesezeit\" \/>\n\t<meta name=\"twitter:data1\" content=\"8\u00a0Minuten\" \/>\n<script type=\"application\/ld+json\" class=\"yoast-schema-graph\">{\"@context\":\"https:\\\/\\\/schema.org\",\"@graph\":[{\"@type\":\"WebPage\",\"@id\":\"https:\\\/\\\/libner.fr\\\/de\\\/mentions-legales\\\/\",\"url\":\"https:\\\/\\\/libner.fr\\\/de\\\/mentions-legales\\\/\",\"name\":\"Mentions l\u00e9gales - Libner\",\"isPartOf\":{\"@id\":\"https:\\\/\\\/libner.fr\\\/#website\"},\"datePublished\":\"2016-02-19T14:50:57+00:00\",\"dateModified\":\"2025-03-21T09:21:35+00:00\",\"breadcrumb\":{\"@id\":\"https:\\\/\\\/libner.fr\\\/de\\\/mentions-legales\\\/#breadcrumb\"},\"inLanguage\":\"de\",\"potentialAction\":[{\"@type\":\"ReadAction\",\"target\":[\"https:\\\/\\\/libner.fr\\\/de\\\/mentions-legales\\\/\"]}]},{\"@type\":\"BreadcrumbList\",\"@id\":\"https:\\\/\\\/libner.fr\\\/de\\\/mentions-legales\\\/#breadcrumb\",\"itemListElement\":[{\"@type\":\"ListItem\",\"position\":1,\"name\":\"Startseite\",\"item\":\"https:\\\/\\\/libner.fr\\\/de\\\/\"},{\"@type\":\"ListItem\",\"position\":2,\"name\":\"Mentions l\u00e9gales\"}]},{\"@type\":\"WebSite\",\"@id\":\"https:\\\/\\\/libner.fr\\\/#website\",\"url\":\"https:\\\/\\\/libner.fr\\\/\",\"name\":\"Libner\",\"description\":\"Franz\u00f6sischer Karosseriebauer\",\"potentialAction\":[{\"@type\":\"SearchAction\",\"target\":{\"@type\":\"EntryPoint\",\"urlTemplate\":\"https:\\\/\\\/libner.fr\\\/?s={search_term_string}\"},\"query-input\":{\"@type\":\"PropertyValueSpecification\",\"valueRequired\":true,\"valueName\":\"search_term_string\"}}],\"inLanguage\":\"de\"}]}<\/script>\n<!-- \/ Yoast SEO plugin. -->","yoast_head_json":{"title":"Mentions l\u00e9gales - Libner","robots":{"index":"index","follow":"follow","max-snippet":"max-snippet:-1","max-image-preview":"max-image-preview:large","max-video-preview":"max-video-preview:-1"},"canonical":"https:\/\/libner.fr\/de\/mentions-legales\/","og_locale":"de_DE","og_type":"article","og_title":"Mentions l\u00e9gales - Libner","og_description":"Pr\u00e9sentation du site Conform\u00e9ment aux dispositions des articles 6-III et 19 de la Loi n\u00b0 2004-575 du 21 juin 2004 pour la Confiance dans l&#8217;\u00e9conomie num\u00e9rique, dite L.C.E.N., nous portons \u00e0 la connaissance des utilisateurs et visiteurs du site www.cyberscope.fr\u00a0les informations suivantes : Propri\u00e9taire : Adresse : 6 rue Joseph Libner, 79400 Saint-Maixent-l&#8217;\u00c9cole T\u00e9l : [&hellip;]","og_url":"https:\/\/libner.fr\/de\/mentions-legales\/","og_site_name":"Libner","article_modified_time":"2025-03-21T09:21:35+00:00","twitter_card":"summary_large_image","twitter_misc":{"Gesch\u00e4tzte Lesezeit":"8\u00a0Minuten"},"schema":{"@context":"https:\/\/schema.org","@graph":[{"@type":"WebPage","@id":"https:\/\/libner.fr\/de\/mentions-legales\/","url":"https:\/\/libner.fr\/de\/mentions-legales\/","name":"Mentions l\u00e9gales - Libner","isPartOf":{"@id":"https:\/\/libner.fr\/#website"},"datePublished":"2016-02-19T14:50:57+00:00","dateModified":"2025-03-21T09:21:35+00:00","breadcrumb":{"@id":"https:\/\/libner.fr\/de\/mentions-legales\/#breadcrumb"},"inLanguage":"de","potentialAction":[{"@type":"ReadAction","target":["https:\/\/libner.fr\/de\/mentions-legales\/"]}]},{"@type":"BreadcrumbList","@id":"https:\/\/libner.fr\/de\/mentions-legales\/#breadcrumb","itemListElement":[{"@type":"ListItem","position":1,"name":"Startseite","item":"https:\/\/libner.fr\/de\/"},{"@type":"ListItem","position":2,"name":"Mentions l\u00e9gales"}]},{"@type":"WebSite","@id":"https:\/\/libner.fr\/#website","url":"https:\/\/libner.fr\/","name":"Libner","description":"Franz\u00f6sischer Karosseriebauer","potentialAction":[{"@type":"SearchAction","target":{"@type":"EntryPoint","urlTemplate":"https:\/\/libner.fr\/?s={search_term_string}"},"query-input":{"@type":"PropertyValueSpecification","valueRequired":true,"valueName":"search_term_string"}}],"inLanguage":"de"}]}},"_links":{"self":[{"href":"https:\/\/libner.fr\/de\/wp-json\/wp\/v2\/pages\/4728","targetHints":{"allow":["GET"]}}],"collection":[{"href":"https:\/\/libner.fr\/de\/wp-json\/wp\/v2\/pages"}],"about":[{"href":"https:\/\/libner.fr\/de\/wp-json\/wp\/v2\/types\/page"}],"author":[{"embeddable":true,"href":"https:\/\/libner.fr\/de\/wp-json\/wp\/v2\/users\/1"}],"replies":[{"embeddable":true,"href":"https:\/\/libner.fr\/de\/wp-json\/wp\/v2\/comments?post=4728"}],"version-history":[{"count":1,"href":"https:\/\/libner.fr\/de\/wp-json\/wp\/v2\/pages\/4728\/revisions"}],"predecessor-version":[{"id":4729,"href":"https:\/\/libner.fr\/de\/wp-json\/wp\/v2\/pages\/4728\/revisions\/4729"}],"wp:attachment":[{"href":"https:\/\/libner.fr\/de\/wp-json\/wp\/v2\/media?parent=4728"}],"curies":[{"name":"wp","href":"https:\/\/api.w.org\/{rel}","templated":true}]}}