{"id":4723,"date":"2021-07-19T15:57:14","date_gmt":"2021-07-19T13:57:14","guid":{"rendered":"https:\/\/libner.fr\/services\/garantie\/"},"modified":"2025-03-21T13:51:01","modified_gmt":"2025-03-21T12:51:01","slug":"garantie","status":"publish","type":"page","link":"https:\/\/libner.fr\/de\/service\/garantie\/","title":{"rendered":"Garantie"},"content":{"rendered":"\n\n\t\t\t\t<img loading=\"lazy\" decoding=\"async\" src=\"https:\/\/libner.fr\/wp-content\/uploads\/2024\/02\/quality-assurance-business-services-businessman-hand-shows-sign-top-service-quality-assurance-black-background-guarantee-standards-iso-certification-standardization-concept-scaled.jpg\" alt=\"Quality assurance of business services, Businessman Hand shows the sign of the top service Quality assurance in Black background , Guarantee, Standards, ISO certification and standardization concept.\" itemprop=\"image\" height=\"1326\" width=\"2048\" title=\"quality-assurance-business-services-businessman-hand-shows-sign-top-service-quality-assurance-black-background-guarantee-standards-iso-certification-standardization-concept\" onerror=\"this.style.display='none'\"  \/>\n\t\n<p>GARANTIELEISTUNG UND HAFTUNG BEI LIBNER<\/p>\n<p>Mit Ausnahme der gesetzlichen Gew\u00e4hrleistung f\u00fcr M\u00e4ngel und versteckte M\u00e4ngel sind unsere Aufbauten und anderen Materialien ab dem Tag der Abnahme f\u00fcr 12 Monate garantiert. Die Garantie beschr\u00e4nkt sich je nach M\u00e4ngelerscheinung auf den Ersatz oder die kostenlose Reparatur aller Teile, die von unserer Qualit\u00e4tsabteilung als schadhaft anerkannt werden. Es werden keine zus\u00e4tzlichen Entsch\u00e4digungsleistungen \u00fcbernommen.<\/p>\n<p>Von unserer Garantie ausgeschlossen sind unter anderem die nachfolgend aufgef\u00fchrten Sch\u00e4den sowie deren Folgen: Sch\u00e4den oder St\u00f6rungen, die durch Alterung, normalen Verschlei\u00df, unsachgem\u00e4\u00dfen Gebrauch, insbesondere durch nachl\u00e4ssigen, unvorsichtigen, missbr\u00e4uchlichen, abnormalen Gebrauch oder durch salzhaltige Umgebungen, vor\u00fcbergehende \u00dcberlastung, \u00dcberschreitung des durch die Stra\u00dfenverkehrsordnung und den T\u00dcV zugelassenen Gesamtgewichts und Nutzlast, oder durch Unerfahrenheit des Fahrers verursacht werden.<\/p>\n<p>&nbsp;<\/p>\n\t<p>Jegliche Garantie erlischt, wenn das Fahrzeug au\u00dferhalb der Werkst\u00e4tten des Verk\u00e4ufers oder von ihm genehmigter Werkst\u00e4tten umgebaut, ver\u00e4ndert oder repariert wurde oder wenn es, sei es auch nur teilweise, Strukturver\u00e4nderungen, Reparaturen, Ersetzungen und Installationen unterzogen wurde, die au\u00dferhalb der vom Verk\u00e4ufer zuvor schriftlich genehmigten Werkst\u00e4tten oder nicht von einer von ihm explizit beauftragten Person durchgef\u00fchrt wurden.<\/p>\n<p>Jegliche Garantie ist ferner f\u00fcr die Folgen eines Unfalls oder Schadensereignisses ausgeschlossen, wie z.B. Explosion, Brand, Aufruhr, Diebstahl oder klimatische Zwischenf\u00e4lle (Sturm, Blitzschlag, Frost, \u00dcberschwemmung, Zyklon, etc.).<\/p>\n<p>Die zu ersetzenden Teile werden frachtfrei und ohne Versandkosten geliefert. Die durch den Ausbau oder den Wiedereinbau von Teilen entstehenden Arbeitskosten gehen zu Lasten des Verk\u00e4ufers, mit Ausnahme aller Nebenkosten (wie Abschleppkosten) und Folgekosten durch die Stilllegung der Materialien.<\/p>\n\t<p><strong>Es wird darauf hingewiesen, dass unsere Garantie sich weder auf Fahrzeug-Bauteile oder Bauteilgruppen, die explizit durch ein Markenzeichen erkenntlich gemacht von Zulieferern des Verk\u00e4ufers stammen, noch auf Zubeh\u00f6r oder Reifen erstreckt. Der Verk\u00e4ufer weist darauf hin, dass im Fall eventueller M\u00e4ngel an im Vorhergehenden genannten Teilen die Garantie der Hersteller rechtsg\u00fcltig ist und vom K\u00e4ufer auf direktem Wege bei diesem eingefordert werden kann. Z\u00f6gern Sie nicht, uns f\u00fcr weitere Informationen zu kontaktieren.<\/strong><\/p>\n\t\t\t<a href=\"https:\/\/libner.fr\/de\/kontaktieren-sie-uns\/\" target=\"_self\">\n\t\t\t\t\t\t\tKontaktieren Sie uns\n\t\t\t<\/a>\n\n","protected":false},"excerpt":{"rendered":"<p>GARANTIELEISTUNG UND HAFTUNG BEI LIBNER Mit Ausnahme der gesetzlichen Gew\u00e4hrleistung f\u00fcr M\u00e4ngel und versteckte M\u00e4ngel sind unsere Aufbauten und anderen Materialien ab dem Tag der Abnahme f\u00fcr 12 Monate garantiert. Die Garantie beschr\u00e4nkt sich je nach M\u00e4ngelerscheinung auf den Ersatz oder die kostenlose Reparatur aller Teile, die von unserer Qualit\u00e4tsabteilung als schadhaft anerkannt werden. Es [&hellip;]<\/p>\n","protected":false},"author":1,"featured_media":0,"parent":4705,"menu_order":0,"comment_status":"closed","ping_status":"closed","template":"","meta":{"_acf_changed":false,"footnotes":""},"class_list":["post-4723","page","type-page","status-publish","hentry"],"acf":[],"yoast_head":"<!-- This site is optimized with the Yoast SEO plugin v27.3 - https:\/\/yoast.com\/product\/yoast-seo-wordpress\/ -->\n<title>Garantie - Libner<\/title>\n<meta name=\"description\" content=\"Erfahren Sie alles \u00fcber unsere Garantien und Verantwortlichkeiten. Z\u00f6gern Sie nicht, uns \u00fcber unser Kontaktformular zu kontaktieren.\" \/>\n<meta name=\"robots\" content=\"index, follow, max-snippet:-1, max-image-preview:large, max-video-preview:-1\" \/>\n<link rel=\"canonical\" href=\"https:\/\/libner.fr\/de\/service\/garantie\/\" \/>\n<meta property=\"og:locale\" content=\"de_DE\" \/>\n<meta property=\"og:type\" content=\"article\" \/>\n<meta property=\"og:title\" content=\"Garantie - Libner\" \/>\n<meta property=\"og:description\" content=\"Erfahren Sie alles \u00fcber unsere Garantien und Verantwortlichkeiten. Z\u00f6gern Sie nicht, uns \u00fcber unser Kontaktformular zu kontaktieren.\" \/>\n<meta property=\"og:url\" content=\"https:\/\/libner.fr\/de\/service\/garantie\/\" \/>\n<meta property=\"og:site_name\" content=\"Libner\" \/>\n<meta property=\"article:modified_time\" content=\"2025-03-21T12:51:01+00:00\" \/>\n<meta property=\"og:image\" content=\"https:\/\/libner.fr\/wp-content\/uploads\/2024\/02\/quality-assurance-business-services-businessman-hand-shows-sign-top-service-quality-assurance-black-background-guarantee-standards-iso-certification-standardization-concept-scaled.jpg\" \/>\n<meta name=\"twitter:card\" content=\"summary_large_image\" \/>\n<meta name=\"twitter:label1\" content=\"Gesch\u00e4tzte Lesezeit\" \/>\n\t<meta name=\"twitter:data1\" content=\"2\u00a0Minuten\" \/>\n<script type=\"application\/ld+json\" class=\"yoast-schema-graph\">{\"@context\":\"https:\\\/\\\/schema.org\",\"@graph\":[{\"@type\":\"WebPage\",\"@id\":\"https:\\\/\\\/libner.fr\\\/de\\\/service\\\/garantie\\\/\",\"url\":\"https:\\\/\\\/libner.fr\\\/de\\\/service\\\/garantie\\\/\",\"name\":\"Garantie - Libner\",\"isPartOf\":{\"@id\":\"https:\\\/\\\/libner.fr\\\/#website\"},\"primaryImageOfPage\":{\"@id\":\"https:\\\/\\\/libner.fr\\\/de\\\/service\\\/garantie\\\/#primaryimage\"},\"image\":{\"@id\":\"https:\\\/\\\/libner.fr\\\/de\\\/service\\\/garantie\\\/#primaryimage\"},\"thumbnailUrl\":\"https:\\\/\\\/libner.fr\\\/wp-content\\\/uploads\\\/2024\\\/02\\\/quality-assurance-business-services-businessman-hand-shows-sign-top-service-quality-assurance-black-background-guarantee-standards-iso-certification-standardization-concept-scaled.jpg\",\"datePublished\":\"2021-07-19T13:57:14+00:00\",\"dateModified\":\"2025-03-21T12:51:01+00:00\",\"description\":\"Erfahren Sie alles \u00fcber unsere Garantien und Verantwortlichkeiten. Z\u00f6gern Sie nicht, uns \u00fcber unser Kontaktformular zu kontaktieren.\",\"breadcrumb\":{\"@id\":\"https:\\\/\\\/libner.fr\\\/de\\\/service\\\/garantie\\\/#breadcrumb\"},\"inLanguage\":\"de\",\"potentialAction\":[{\"@type\":\"ReadAction\",\"target\":[\"https:\\\/\\\/libner.fr\\\/de\\\/service\\\/garantie\\\/\"]}]},{\"@type\":\"ImageObject\",\"inLanguage\":\"de\",\"@id\":\"https:\\\/\\\/libner.fr\\\/de\\\/service\\\/garantie\\\/#primaryimage\",\"url\":\"https:\\\/\\\/libner.fr\\\/wp-content\\\/uploads\\\/2024\\\/02\\\/quality-assurance-business-services-businessman-hand-shows-sign-top-service-quality-assurance-black-background-guarantee-standards-iso-certification-standardization-concept-scaled.jpg\",\"contentUrl\":\"https:\\\/\\\/libner.fr\\\/wp-content\\\/uploads\\\/2024\\\/02\\\/quality-assurance-business-services-businessman-hand-shows-sign-top-service-quality-assurance-black-background-guarantee-standards-iso-certification-standardization-concept-scaled.jpg\"},{\"@type\":\"BreadcrumbList\",\"@id\":\"https:\\\/\\\/libner.fr\\\/de\\\/service\\\/garantie\\\/#breadcrumb\",\"itemListElement\":[{\"@type\":\"ListItem\",\"position\":1,\"name\":\"Startseite\",\"item\":\"https:\\\/\\\/libner.fr\\\/de\\\/\"},{\"@type\":\"ListItem\",\"position\":2,\"name\":\"Service\",\"item\":\"https:\\\/\\\/libner.fr\\\/de\\\/service\\\/\"},{\"@type\":\"ListItem\",\"position\":3,\"name\":\"Garantie\"}]},{\"@type\":\"WebSite\",\"@id\":\"https:\\\/\\\/libner.fr\\\/#website\",\"url\":\"https:\\\/\\\/libner.fr\\\/\",\"name\":\"Libner\",\"description\":\"Franz\u00f6sischer Karosseriebauer\",\"potentialAction\":[{\"@type\":\"SearchAction\",\"target\":{\"@type\":\"EntryPoint\",\"urlTemplate\":\"https:\\\/\\\/libner.fr\\\/?s={search_term_string}\"},\"query-input\":{\"@type\":\"PropertyValueSpecification\",\"valueRequired\":true,\"valueName\":\"search_term_string\"}}],\"inLanguage\":\"de\"}]}<\/script>\n<!-- \/ Yoast SEO plugin. -->","yoast_head_json":{"title":"Garantie - Libner","description":"Erfahren Sie alles \u00fcber unsere Garantien und Verantwortlichkeiten. Z\u00f6gern Sie nicht, uns \u00fcber unser Kontaktformular zu kontaktieren.","robots":{"index":"index","follow":"follow","max-snippet":"max-snippet:-1","max-image-preview":"max-image-preview:large","max-video-preview":"max-video-preview:-1"},"canonical":"https:\/\/libner.fr\/de\/service\/garantie\/","og_locale":"de_DE","og_type":"article","og_title":"Garantie - Libner","og_description":"Erfahren Sie alles \u00fcber unsere Garantien und Verantwortlichkeiten. Z\u00f6gern Sie nicht, uns \u00fcber unser Kontaktformular zu kontaktieren.","og_url":"https:\/\/libner.fr\/de\/service\/garantie\/","og_site_name":"Libner","article_modified_time":"2025-03-21T12:51:01+00:00","og_image":[{"url":"https:\/\/libner.fr\/wp-content\/uploads\/2024\/02\/quality-assurance-business-services-businessman-hand-shows-sign-top-service-quality-assurance-black-background-guarantee-standards-iso-certification-standardization-concept-scaled.jpg","type":"","width":"","height":""}],"twitter_card":"summary_large_image","twitter_misc":{"Gesch\u00e4tzte Lesezeit":"2\u00a0Minuten"},"schema":{"@context":"https:\/\/schema.org","@graph":[{"@type":"WebPage","@id":"https:\/\/libner.fr\/de\/service\/garantie\/","url":"https:\/\/libner.fr\/de\/service\/garantie\/","name":"Garantie - Libner","isPartOf":{"@id":"https:\/\/libner.fr\/#website"},"primaryImageOfPage":{"@id":"https:\/\/libner.fr\/de\/service\/garantie\/#primaryimage"},"image":{"@id":"https:\/\/libner.fr\/de\/service\/garantie\/#primaryimage"},"thumbnailUrl":"https:\/\/libner.fr\/wp-content\/uploads\/2024\/02\/quality-assurance-business-services-businessman-hand-shows-sign-top-service-quality-assurance-black-background-guarantee-standards-iso-certification-standardization-concept-scaled.jpg","datePublished":"2021-07-19T13:57:14+00:00","dateModified":"2025-03-21T12:51:01+00:00","description":"Erfahren Sie alles \u00fcber unsere Garantien und Verantwortlichkeiten. Z\u00f6gern Sie nicht, uns \u00fcber unser Kontaktformular zu kontaktieren.","breadcrumb":{"@id":"https:\/\/libner.fr\/de\/service\/garantie\/#breadcrumb"},"inLanguage":"de","potentialAction":[{"@type":"ReadAction","target":["https:\/\/libner.fr\/de\/service\/garantie\/"]}]},{"@type":"ImageObject","inLanguage":"de","@id":"https:\/\/libner.fr\/de\/service\/garantie\/#primaryimage","url":"https:\/\/libner.fr\/wp-content\/uploads\/2024\/02\/quality-assurance-business-services-businessman-hand-shows-sign-top-service-quality-assurance-black-background-guarantee-standards-iso-certification-standardization-concept-scaled.jpg","contentUrl":"https:\/\/libner.fr\/wp-content\/uploads\/2024\/02\/quality-assurance-business-services-businessman-hand-shows-sign-top-service-quality-assurance-black-background-guarantee-standards-iso-certification-standardization-concept-scaled.jpg"},{"@type":"BreadcrumbList","@id":"https:\/\/libner.fr\/de\/service\/garantie\/#breadcrumb","itemListElement":[{"@type":"ListItem","position":1,"name":"Startseite","item":"https:\/\/libner.fr\/de\/"},{"@type":"ListItem","position":2,"name":"Service","item":"https:\/\/libner.fr\/de\/service\/"},{"@type":"ListItem","position":3,"name":"Garantie"}]},{"@type":"WebSite","@id":"https:\/\/libner.fr\/#website","url":"https:\/\/libner.fr\/","name":"Libner","description":"Franz\u00f6sischer Karosseriebauer","potentialAction":[{"@type":"SearchAction","target":{"@type":"EntryPoint","urlTemplate":"https:\/\/libner.fr\/?s={search_term_string}"},"query-input":{"@type":"PropertyValueSpecification","valueRequired":true,"valueName":"search_term_string"}}],"inLanguage":"de"}]}},"_links":{"self":[{"href":"https:\/\/libner.fr\/de\/wp-json\/wp\/v2\/pages\/4723","targetHints":{"allow":["GET"]}}],"collection":[{"href":"https:\/\/libner.fr\/de\/wp-json\/wp\/v2\/pages"}],"about":[{"href":"https:\/\/libner.fr\/de\/wp-json\/wp\/v2\/types\/page"}],"author":[{"embeddable":true,"href":"https:\/\/libner.fr\/de\/wp-json\/wp\/v2\/users\/1"}],"replies":[{"embeddable":true,"href":"https:\/\/libner.fr\/de\/wp-json\/wp\/v2\/comments?post=4723"}],"version-history":[{"count":3,"href":"https:\/\/libner.fr\/de\/wp-json\/wp\/v2\/pages\/4723\/revisions"}],"predecessor-version":[{"id":5090,"href":"https:\/\/libner.fr\/de\/wp-json\/wp\/v2\/pages\/4723\/revisions\/5090"}],"up":[{"embeddable":true,"href":"https:\/\/libner.fr\/de\/wp-json\/wp\/v2\/pages\/4705"}],"wp:attachment":[{"href":"https:\/\/libner.fr\/de\/wp-json\/wp\/v2\/media?parent=4723"}],"curies":[{"name":"wp","href":"https:\/\/api.w.org\/{rel}","templated":true}]}}