{"id":4705,"date":"2021-07-19T15:57:04","date_gmt":"2021-07-19T13:57:04","guid":{"rendered":"https:\/\/libner.fr\/services\/"},"modified":"2025-03-20T13:33:58","modified_gmt":"2025-03-20T12:33:58","slug":"service","status":"publish","type":"page","link":"https:\/\/libner.fr\/de\/service\/","title":{"rendered":"Service"},"content":{"rendered":"\n\n\t<h2>Bei Libner bieten wir zahlreiche Service-Leistungen an<\/h2>\n<p>Im Mittelpunkt steht dabei die Wartung Ihres Aufbaus und die Sicherheit Ihres Fahrzeugs. Wir sind immer f\u00fcr Sie da! \u00a0Auf unsere Expertise k\u00f6nnen Sie vertrauen, wir haben jahrzehntelange Erfahrung im Fahrzeugbau und garantieren Ihnen Mobilit\u00e4t und Effizienz auf der Stra\u00dfe.<\/p>\n\t<p>ANDERE DIENSTLEISTUNGEN<\/p>\n\t\t\t\t<img loading=\"lazy\" decoding=\"async\" src=\"https:\/\/libner.fr\/wp-content\/uploads\/2024\/05\/close-up-security-camera-scaled.jpg\" alt=\"close-up-security-camera\" itemprop=\"image\" height=\"1536\" width=\"2048\" title=\"close-up-security-camera\" onerror=\"this.style.display='none'\"  \/>\n\t<p>Unser erfahrenes und hochqualifiziertes Libner-Team ist in der Lage, alle Arten von Auftragsarbeiten rund um Metallblech auszuf\u00fchren. Unser moderner und leistungsstarker Maschinenpark garantiert hochwertige Qualit\u00e4tsarbeit.<\/p>\n\t\t\t<a href=\"https:\/\/libner.fr\/de\/service\/andere-dienstleistungen\/\" target=\"_self\">\n\t\t\t\t\t\t\tMehr erfahren \n\t\t\t<\/a>\n\t<h2><strong>REPARATUR-<\/strong><strong>SERVICE<\/strong><\/h2>\n\t\t\t\t<img loading=\"lazy\" decoding=\"async\" src=\"https:\/\/libner.fr\/wp-content\/uploads\/2024\/05\/067\u00a9O.GOMBERT.jpg\" alt=\"067\u00a9O.GOMBERT\" itemprop=\"image\" height=\"850\" width=\"566\" title=\"067\u00a9O.GOMBERT\" onerror=\"this.style.display='none'\"  \/>\n\t<p>Wenn es sinnvoll erscheint, k\u00f6nnen wir Ihre Nutzfahrzeug-Aufbauten reparieren. Hier eine Auswahl bisheriger Projekte&#8230;<\/p>\n\t\t\t<a href=\"https:\/\/libner.fr\/de\/service\/reparatur-service\/%20\" target=\"_self\">\n\t\t\t\t\t\t\tMehr erfahren \n\t\t\t<\/a>\n\t<h2>Garantie<\/h2>\n\t\t\t\t<img loading=\"lazy\" decoding=\"async\" src=\"https:\/\/libner.fr\/wp-content\/uploads\/2024\/04\/certification-standardization-process-iso-certified-business-conformity-international-1-scaled.jpg\" alt=\"certification-normalisation-processus-iso-certified-business-conformit\u00e9-international\" itemprop=\"image\" height=\"1955\" width=\"2048\" title=\"certification-normalisation-processus-iso-certified-business-conformit\u00e9-international\" onerror=\"this.style.display='none'\"  \/>\n\t<p>Hier finden Sie alles bez\u00fcglich der Garantiebestimmungen unserer Produkte.<\/p>\n\t\t\t<a href=\"https:\/\/libner.fr\/de\/service\/garantie\/\" target=\"_self\">\n\t\t\t\t\t\t\tMehr erfahren\n\t\t\t<\/a>\n\t<h2>ERSATZTEILE<\/h2>\n\t\t\t\t<img loading=\"lazy\" decoding=\"async\" src=\"https:\/\/libner.fr\/wp-content\/uploads\/2024\/05\/IMG_2589-scaled.jpg\" alt=\"PIECES D\u00c9TACH\u00c9ES\" itemprop=\"image\" height=\"1536\" width=\"2048\" title=\"IMG_2589\" onerror=\"this.style.display='none'\"  \/>\n\t<p>Wir bieten Ihnen einen umfassenden Ersatzteil-Service. Hier k\u00f6nnen Sie problemlos alle Arten von Libner-Bauteilen bestellen.<\/p>\n\t\t\t<a href=\"https:\/\/libner.fr\/de\/service\/ersatzteile\/\" target=\"_self\">\n\t\t\t\t\t\t\tMehr erfahren \n\t\t\t<\/a>\n\n","protected":false},"excerpt":{"rendered":"<p>Bei Libner bieten wir zahlreiche Service-Leistungen an Im Mittelpunkt steht dabei die Wartung Ihres Aufbaus und die Sicherheit Ihres Fahrzeugs. Wir sind immer f\u00fcr Sie da! \u00a0Auf unsere Expertise k\u00f6nnen Sie vertrauen, wir haben jahrzehntelange Erfahrung im Fahrzeugbau und garantieren Ihnen Mobilit\u00e4t und Effizienz auf der Stra\u00dfe. ANDERE DIENSTLEISTUNGEN Unser erfahrenes und hochqualifiziertes Libner-Team ist [&hellip;]<\/p>\n","protected":false},"author":1,"featured_media":0,"parent":0,"menu_order":0,"comment_status":"closed","ping_status":"closed","template":"","meta":{"_acf_changed":false,"footnotes":""},"class_list":["post-4705","page","type-page","status-publish","hentry"],"acf":[],"yoast_head":"<!-- This site is optimized with the Yoast SEO plugin v27.3 - https:\/\/yoast.com\/product\/yoast-seo-wordpress\/ -->\n<title>Service - Libner<\/title>\n<meta name=\"description\" content=\"Wir bieten zahlreiche Dienstleistungen an, wie Karosseriereparaturen, den Verkauf von Ersatzteilen und einen Dienst f\u00fcr Subunternehmer.\" \/>\n<meta name=\"robots\" content=\"index, follow, max-snippet:-1, max-image-preview:large, max-video-preview:-1\" \/>\n<link rel=\"canonical\" href=\"https:\/\/libner.fr\/de\/service\/\" \/>\n<meta property=\"og:locale\" content=\"de_DE\" \/>\n<meta property=\"og:type\" content=\"article\" \/>\n<meta property=\"og:title\" content=\"Service - Libner\" \/>\n<meta property=\"og:description\" content=\"Wir bieten zahlreiche Dienstleistungen an, wie Karosseriereparaturen, den Verkauf von Ersatzteilen und einen Dienst f\u00fcr Subunternehmer.\" \/>\n<meta property=\"og:url\" content=\"https:\/\/libner.fr\/de\/service\/\" \/>\n<meta property=\"og:site_name\" content=\"Libner\" \/>\n<meta property=\"article:modified_time\" content=\"2025-03-20T12:33:58+00:00\" \/>\n<meta property=\"og:image\" content=\"https:\/\/libner.fr\/wp-content\/uploads\/2024\/05\/close-up-security-camera-scaled.jpg\" \/>\n<meta name=\"twitter:card\" content=\"summary_large_image\" \/>\n<meta name=\"twitter:label1\" content=\"Gesch\u00e4tzte Lesezeit\" \/>\n\t<meta name=\"twitter:data1\" content=\"2\u00a0Minuten\" \/>\n<script type=\"application\/ld+json\" class=\"yoast-schema-graph\">{\"@context\":\"https:\\\/\\\/schema.org\",\"@graph\":[{\"@type\":\"WebPage\",\"@id\":\"https:\\\/\\\/libner.fr\\\/de\\\/service\\\/\",\"url\":\"https:\\\/\\\/libner.fr\\\/de\\\/service\\\/\",\"name\":\"Service - Libner\",\"isPartOf\":{\"@id\":\"https:\\\/\\\/libner.fr\\\/#website\"},\"primaryImageOfPage\":{\"@id\":\"https:\\\/\\\/libner.fr\\\/de\\\/service\\\/#primaryimage\"},\"image\":{\"@id\":\"https:\\\/\\\/libner.fr\\\/de\\\/service\\\/#primaryimage\"},\"thumbnailUrl\":\"https:\\\/\\\/libner.fr\\\/wp-content\\\/uploads\\\/2024\\\/05\\\/close-up-security-camera-scaled.jpg\",\"datePublished\":\"2021-07-19T13:57:04+00:00\",\"dateModified\":\"2025-03-20T12:33:58+00:00\",\"description\":\"Wir bieten zahlreiche Dienstleistungen an, wie Karosseriereparaturen, den Verkauf von Ersatzteilen und einen Dienst f\u00fcr Subunternehmer.\",\"breadcrumb\":{\"@id\":\"https:\\\/\\\/libner.fr\\\/de\\\/service\\\/#breadcrumb\"},\"inLanguage\":\"de\",\"potentialAction\":[{\"@type\":\"ReadAction\",\"target\":[\"https:\\\/\\\/libner.fr\\\/de\\\/service\\\/\"]}]},{\"@type\":\"ImageObject\",\"inLanguage\":\"de\",\"@id\":\"https:\\\/\\\/libner.fr\\\/de\\\/service\\\/#primaryimage\",\"url\":\"https:\\\/\\\/libner.fr\\\/wp-content\\\/uploads\\\/2024\\\/05\\\/close-up-security-camera-scaled.jpg\",\"contentUrl\":\"https:\\\/\\\/libner.fr\\\/wp-content\\\/uploads\\\/2024\\\/05\\\/close-up-security-camera-scaled.jpg\"},{\"@type\":\"BreadcrumbList\",\"@id\":\"https:\\\/\\\/libner.fr\\\/de\\\/service\\\/#breadcrumb\",\"itemListElement\":[{\"@type\":\"ListItem\",\"position\":1,\"name\":\"Startseite\",\"item\":\"https:\\\/\\\/libner.fr\\\/de\\\/\"},{\"@type\":\"ListItem\",\"position\":2,\"name\":\"Service\"}]},{\"@type\":\"WebSite\",\"@id\":\"https:\\\/\\\/libner.fr\\\/#website\",\"url\":\"https:\\\/\\\/libner.fr\\\/\",\"name\":\"Libner\",\"description\":\"Franz\u00f6sischer Karosseriebauer\",\"potentialAction\":[{\"@type\":\"SearchAction\",\"target\":{\"@type\":\"EntryPoint\",\"urlTemplate\":\"https:\\\/\\\/libner.fr\\\/?s={search_term_string}\"},\"query-input\":{\"@type\":\"PropertyValueSpecification\",\"valueRequired\":true,\"valueName\":\"search_term_string\"}}],\"inLanguage\":\"de\"}]}<\/script>\n<!-- \/ Yoast SEO plugin. -->","yoast_head_json":{"title":"Service - Libner","description":"Wir bieten zahlreiche Dienstleistungen an, wie Karosseriereparaturen, den Verkauf von Ersatzteilen und einen Dienst f\u00fcr Subunternehmer.","robots":{"index":"index","follow":"follow","max-snippet":"max-snippet:-1","max-image-preview":"max-image-preview:large","max-video-preview":"max-video-preview:-1"},"canonical":"https:\/\/libner.fr\/de\/service\/","og_locale":"de_DE","og_type":"article","og_title":"Service - Libner","og_description":"Wir bieten zahlreiche Dienstleistungen an, wie Karosseriereparaturen, den Verkauf von Ersatzteilen und einen Dienst f\u00fcr Subunternehmer.","og_url":"https:\/\/libner.fr\/de\/service\/","og_site_name":"Libner","article_modified_time":"2025-03-20T12:33:58+00:00","og_image":[{"url":"https:\/\/libner.fr\/wp-content\/uploads\/2024\/05\/close-up-security-camera-scaled.jpg","type":"","width":"","height":""}],"twitter_card":"summary_large_image","twitter_misc":{"Gesch\u00e4tzte Lesezeit":"2\u00a0Minuten"},"schema":{"@context":"https:\/\/schema.org","@graph":[{"@type":"WebPage","@id":"https:\/\/libner.fr\/de\/service\/","url":"https:\/\/libner.fr\/de\/service\/","name":"Service - Libner","isPartOf":{"@id":"https:\/\/libner.fr\/#website"},"primaryImageOfPage":{"@id":"https:\/\/libner.fr\/de\/service\/#primaryimage"},"image":{"@id":"https:\/\/libner.fr\/de\/service\/#primaryimage"},"thumbnailUrl":"https:\/\/libner.fr\/wp-content\/uploads\/2024\/05\/close-up-security-camera-scaled.jpg","datePublished":"2021-07-19T13:57:04+00:00","dateModified":"2025-03-20T12:33:58+00:00","description":"Wir bieten zahlreiche Dienstleistungen an, wie Karosseriereparaturen, den Verkauf von Ersatzteilen und einen Dienst f\u00fcr Subunternehmer.","breadcrumb":{"@id":"https:\/\/libner.fr\/de\/service\/#breadcrumb"},"inLanguage":"de","potentialAction":[{"@type":"ReadAction","target":["https:\/\/libner.fr\/de\/service\/"]}]},{"@type":"ImageObject","inLanguage":"de","@id":"https:\/\/libner.fr\/de\/service\/#primaryimage","url":"https:\/\/libner.fr\/wp-content\/uploads\/2024\/05\/close-up-security-camera-scaled.jpg","contentUrl":"https:\/\/libner.fr\/wp-content\/uploads\/2024\/05\/close-up-security-camera-scaled.jpg"},{"@type":"BreadcrumbList","@id":"https:\/\/libner.fr\/de\/service\/#breadcrumb","itemListElement":[{"@type":"ListItem","position":1,"name":"Startseite","item":"https:\/\/libner.fr\/de\/"},{"@type":"ListItem","position":2,"name":"Service"}]},{"@type":"WebSite","@id":"https:\/\/libner.fr\/#website","url":"https:\/\/libner.fr\/","name":"Libner","description":"Franz\u00f6sischer Karosseriebauer","potentialAction":[{"@type":"SearchAction","target":{"@type":"EntryPoint","urlTemplate":"https:\/\/libner.fr\/?s={search_term_string}"},"query-input":{"@type":"PropertyValueSpecification","valueRequired":true,"valueName":"search_term_string"}}],"inLanguage":"de"}]}},"_links":{"self":[{"href":"https:\/\/libner.fr\/de\/wp-json\/wp\/v2\/pages\/4705","targetHints":{"allow":["GET"]}}],"collection":[{"href":"https:\/\/libner.fr\/de\/wp-json\/wp\/v2\/pages"}],"about":[{"href":"https:\/\/libner.fr\/de\/wp-json\/wp\/v2\/types\/page"}],"author":[{"embeddable":true,"href":"https:\/\/libner.fr\/de\/wp-json\/wp\/v2\/users\/1"}],"replies":[{"embeddable":true,"href":"https:\/\/libner.fr\/de\/wp-json\/wp\/v2\/comments?post=4705"}],"version-history":[{"count":7,"href":"https:\/\/libner.fr\/de\/wp-json\/wp\/v2\/pages\/4705\/revisions"}],"predecessor-version":[{"id":5057,"href":"https:\/\/libner.fr\/de\/wp-json\/wp\/v2\/pages\/4705\/revisions\/5057"}],"wp:attachment":[{"href":"https:\/\/libner.fr\/de\/wp-json\/wp\/v2\/media?parent=4705"}],"curies":[{"name":"wp","href":"https:\/\/api.w.org\/{rel}","templated":true}]}}